{"id":7671,"date":"2021-09-12T13:34:32","date_gmt":"2021-09-12T11:34:32","guid":{"rendered":"https:\/\/bekween.ma\/?post_type=product&#038;p=7671"},"modified":"2021-09-23T00:35:52","modified_gmt":"2021-09-22T22:35:52","slug":"kit-dessin-sourcils","status":"publish","type":"product","link":"https:\/\/bekween.ma\/ar\/product\/kit-dessin-sourcils\/","title":{"rendered":"\u0645\u062c\u0645\u0648\u0639\u0629 \u0644\u0644\u0631\u0633\u0645 \u0648\u062a\u0634\u0643\u064a\u0644 \u0627\u0644\u062d\u0627\u062c\u0628\u064a\u0646"},"content":{"rendered":"<div data-elementor-type=\"wp-post\" data-elementor-id=\"7671\" class=\"elementor elementor-7671\">\n\t\t\t\t\t\t<section class=\"elementor-section elementor-top-section elementor-element elementor-element-2e448400 elementor-section-boxed elementor-section-height-default elementor-section-height-default\" data-id=\"2e448400\" data-element_type=\"section\">\n\t\t\t\t\t\t<div class=\"elementor-container elementor-column-gap-default\">\n\t\t\t\t\t<div class=\"elementor-column elementor-col-100 elementor-top-column elementor-element elementor-element-7ce7a3c\" data-id=\"7ce7a3c\" data-element_type=\"column\">\n\t\t\t<div class=\"elementor-widget-wrap elementor-element-populated\">\n\t\t\t\t\t\t<div class=\"elementor-element elementor-element-87834ab elementor-widget elementor-widget-image\" data-id=\"87834ab\" data-element_type=\"widget\" data-widget_type=\"image.default\">\n\t\t\t\t<div class=\"elementor-widget-container\">\n\t\t\t\t\t\t\t\t\t\t\t\t\t\t\t<img fetchpriority=\"high\" decoding=\"async\" width=\"480\" height=\"270\" src=\"https:\/\/bekween.ma\/wp-content\/uploads\/2021\/09\/giphy-WEBP.webp\" class=\"attachment-large size-large wp-image-7697\" alt=\"maquillage sourcils pommade\" sizes=\"(max-width: 360px) 147px, \" title=\"\">\t\t\t\t\t\t\t\t\t\t\t\t\t\t\t<\/div>\n\t\t\t\t<\/div>\n\t\t\t\t<div class=\"elementor-element elementor-element-4889f57e elementor-widget elementor-widget-text-editor\" data-id=\"4889f57e\" data-element_type=\"widget\" data-widget_type=\"text-editor.default\">\n\t\t\t\t<div class=\"elementor-widget-container\">\n\t\t\t\t\t\t\t\t\t<p style=\"text-align: center;\"><strong>\u0644\u0645\u0627\u0630\u0627 \u0633\u062a\u062d\u0628\u064a\u0646\u0647\u0627 \u061f<\/strong><\/p><p style=\"text-align: center;\">\u0645\u062c\u0645\u0648\u0639\u0629 kiyah \u0647\u064a \u0645\u0631\u0647\u0645 \u0644\u0644\u062d\u0627\u062c\u0628\u064a\u0646 \u064a\u0633\u0645\u062d \u0644\u0643\u064a <strong>\u0628\u0631\u0633\u0645 \u0648\u0645\u0644\u0626 \u0627\u0644\u062d\u0627\u062c\u0628\u064a\u0646 \u062a\u0645\u0627\u0645\u0627 !<\/strong> \u0633\u0647\u0644\u062a \u0627\u0644\u0625\u0633\u062a\u0639\u0645\u0627\u0644 \u0648\u062a\u0648\u0636\u0639 \u0628\u0634\u0643\u0644 \u0623\u0645\u0646 <strong>\u0639\u0644\u0649<\/strong> \u062c\u0644\u062f \u0648 \u0634\u0639\u0631 \u0627\u0644\u062d\u0627\u062c\u0628\u064a\u0646\u060c \u0648 \u062a\u0639\u0637\u064a\u0643 <strong>\u0646\u062a\u064a\u062c\u0629 \u0645\u062b\u0627\u0644\u064a\u0629<\/strong> \u0641\u064a \u0643\u0644 \u0645\u0631\u0629 \u060c \u062d\u062a\u0649 \u0648\u0644\u0648 \u0643\u0646\u062a <strong>\u0645\u0628\u062a\u062f\u0626\u0629<\/strong> \u0641\u064a \u0641\u0646 \u0627\u0644\u0645\u064a\u0643\u0627\u0628. \u0644\u0646 \u062a\u062d\u062a\u0627\u062c\u064a \u0644\u0644\u0630\u0647\u0627\u0628 \u0625\u0644\u0649 \u0635\u0627\u0644\u0648\u0646 \u0627\u0644\u062d\u0644\u0627\u0642\u0629 \u0641\u064a \u0643\u0644 \u0645\u0631\u0629 !<\/p><p style=\"text-align: center;\"><img decoding=\"async\" class=\"alignnone size-medium wp-image-7690 aligncenter\" src=\"https:\/\/bekween.ma\/wp-content\/uploads\/2021\/09\/Untitled_1800x1800-300x300.jpg\" alt=\"\" width=\"300\" height=\"300\" title=\"\" srcset=\"https:\/\/bekween.ma\/wp-content\/uploads\/2021\/09\/Untitled_1800x1800-300x300.jpg 300w, https:\/\/bekween.ma\/wp-content\/uploads\/2021\/09\/Untitled_1800x1800-1024x1024.jpg 1024w, https:\/\/bekween.ma\/wp-content\/uploads\/2021\/09\/Untitled_1800x1800-150x150.jpg 150w, https:\/\/bekween.ma\/wp-content\/uploads\/2021\/09\/Untitled_1800x1800-768x768.jpg 768w, https:\/\/bekween.ma\/wp-content\/uploads\/2021\/09\/Untitled_1800x1800-12x12.jpg 12w, https:\/\/bekween.ma\/wp-content\/uploads\/2021\/09\/Untitled_1800x1800-990x990.jpg 990w, https:\/\/bekween.ma\/wp-content\/uploads\/2021\/09\/Untitled_1800x1800-441x441.jpg 441w, https:\/\/bekween.ma\/wp-content\/uploads\/2021\/09\/Untitled_1800x1800-800x800.jpg 800w, https:\/\/bekween.ma\/wp-content\/uploads\/2021\/09\/Untitled_1800x1800.jpg 1080w\" sizes=\"(max-width: 300px) 100vw, 300px\" \/><\/p><p style=\"text-align: center;\"><b>\u0645\u0631\u0647\u0645 \u0645\u0642\u0627\u0648\u0645 \u0644\u0644\u0645\u0627\u0621<\/b><\/p><p style=\"text-align: center;\">\u0644\u0627 \u062f\u0627\u0639\u064a \u0644\u0644\u0642\u0644\u0642 \u0628\u0634\u0623\u0646 \u0644\u0645\u0633\u0647 \u0639\u0646 \u0637\u0631\u064a\u0642 \u0627\u0644\u062e\u0637\u0623 \u0648\u0623\u0646\u062a \u0641\u064a \u0627\u0644\u0645\u0643\u062a\u0628 \u0623\u0648 \u062a\u0645\u0627\u0631\u0633\u064a\u0646 \u0631\u064a\u0627\u0636\u062a\u0643 \u0627\u0644\u0645\u0641\u0636\u0644\u0629\u060c \u0641\u0647\u0648 \u0645\u0642\u0627\u0648\u0645 \u0644\u0644\u0639\u0631\u0642 \u0648 \u0644\u0644\u0645\u0627\u0621 \u0648\u064a\u062f\u0648\u0645 \u0637\u0648\u0627\u0644 \u0627\u0644\u064a\u0648\u0645. \u062d\u0644\u064a\u0641\u0643 \u0627\u0644\u0645\u062b\u0627\u0644\u064a \u0623\u062b\u0646\u0627\u0621 \u0645\u0645\u0627\u0631\u0633\u0629 \u0627\u0644\u062a\u0633\u0648\u0642\u060c \u0631\u064a\u0627\u0636\u0629 \u0627\u0644\u062c\u0631\u064a\u060c \u0627\u0644\u0630\u0647\u0627\u0628 \u0625\u0644\u0649 \u0627\u0644\u0634\u0627\u0637\u0626 \u0648\u0623\u0643\u062b\u0631 \u0645\u0646 \u0630\u0644\u0643 \u0628\u0643\u062b\u064a\u0631!<\/p><p style=\"text-align: center;\"><img decoding=\"async\" class=\"size-medium wp-image-7788 aligncenter\" src=\"https:\/\/bekween.ma\/wp-content\/uploads\/2021\/09\/959789818900.PNM_-2-300x300.jpg\" alt=\"\" width=\"300\" height=\"300\" title=\"\" srcset=\"https:\/\/bekween.ma\/wp-content\/uploads\/2021\/09\/959789818900.PNM_-2-300x300.jpg 300w, https:\/\/bekween.ma\/wp-content\/uploads\/2021\/09\/959789818900.PNM_-2-150x150.jpg 150w, https:\/\/bekween.ma\/wp-content\/uploads\/2021\/09\/959789818900.PNM_-2-768x768.jpg 768w, https:\/\/bekween.ma\/wp-content\/uploads\/2021\/09\/959789818900.PNM_-2-12x12.jpg 12w, https:\/\/bekween.ma\/wp-content\/uploads\/2021\/09\/959789818900.PNM_-2-441x441.jpg 441w, https:\/\/bekween.ma\/wp-content\/uploads\/2021\/09\/959789818900.PNM_-2.jpg 800w\" sizes=\"(max-width: 300px) 100vw, 300px\" \/><\/p><p style=\"text-align: center;\"><b>\u0627\u0639\u062b\u0631 \u0639\u0644\u0649 \u0627\u0644\u0634\u0643\u0644 \u0627\u0644\u0623\u0643\u062b\u0631 \u0645\u0644\u0627\u0621\u0645\u0629 \u0644\u0648\u062c\u0647\u0643\u00a0\u00a0<\/b><\/p><p style=\"text-align: center;\">\u064a\u0645\u0643\u0646 \u0644\u0623\u064a \u0634\u062e\u0635 \u0627\u0633\u062a\u062e\u062f\u0627\u0645 \u0645\u062c\u0645\u0648\u0639\u0629 KIYAH \u0644\u0644\u062d\u0635\u0648\u0644 \u0639\u0644\u0649 \u0627\u0644\u0645\u0638\u0647\u0631 \u0627\u0644\u0645\u062b\u0627\u0644\u064a \u0644\u0623\u0646\u0647 \u064a\u062a\u0636\u0645\u0646 10 \u0642\u0648\u0627\u0644\u0628 \u0627\u0633\u062a\u0646\u0633\u0644 \u062a\u062a\u0646\u0627\u0633\u0628 \u0645\u0639 \u062c\u0645\u064a\u0639 \u0623\u0634\u0643\u0627\u0644 \u0627\u0644\u062d\u0648\u0627\u062c\u0628\u060c \u0645\u0639 \u0637\u0627\u0628\u0639 \u0645\u0646 3 \u0638\u0644\u0627\u0644 \u0623\u0644\u0648\u0627\u0646(\u0627\u0644\u0628\u0646\u064a \u0627\u0644\u0641\u0627\u062a\u062d\u060c \u0627\u0644\u0628\u0646\u064a \u0627\u0644\u063a\u0627\u0645\u0642 \u0648 ch\u00e2tain).<\/p><p style=\"text-align: center;\"><strong>\u062d\u0648\u0627\u062c\u0628 \u0645\u0648\u062d\u062f\u0629 \u0648\u062e\u0627\u0644\u064a\u0629 \u0645\u0646 \u0627\u0644\u0639\u064a\u0648\u0628<\/strong><\/p><p style=\"text-align: center;\">\u0645\u062a\u0639\u064a \u0646\u0641\u0633\u0643 \u0628\u0627\u0644\u062d\u0648\u0627\u062c\u0628 \u0627\u0644\u062e\u0627\u0644\u064a\u0629 \u0645\u0646 \u0627\u0644\u0639\u064a\u0648\u0628 \u0648 \u0642\u0648\u0644\u064a \u0648\u062f\u0627\u0639\u0627 \u0644\u0635\u0627\u0644\u0648\u0646 \u0627\u0644\u062d\u0644\u0627\u0642\u0629 !<\/p><p style=\"text-align: center;\"><img loading=\"lazy\" decoding=\"async\" class=\"alignnone size-medium wp-image-7688 aligncenter\" src=\"https:\/\/bekween.ma\/wp-content\/uploads\/2021\/09\/dvvd_1800x1800-300x300.jpg\" alt=\"maquillage sourcils\" width=\"300\" height=\"300\" title=\"\" srcset=\"https:\/\/bekween.ma\/wp-content\/uploads\/2021\/09\/dvvd_1800x1800-300x300.jpg 300w, https:\/\/bekween.ma\/wp-content\/uploads\/2021\/09\/dvvd_1800x1800-1024x1024.jpg 1024w, https:\/\/bekween.ma\/wp-content\/uploads\/2021\/09\/dvvd_1800x1800-150x150.jpg 150w, https:\/\/bekween.ma\/wp-content\/uploads\/2021\/09\/dvvd_1800x1800-768x768.jpg 768w, https:\/\/bekween.ma\/wp-content\/uploads\/2021\/09\/dvvd_1800x1800-12x12.jpg 12w, https:\/\/bekween.ma\/wp-content\/uploads\/2021\/09\/dvvd_1800x1800-990x990.jpg 990w, https:\/\/bekween.ma\/wp-content\/uploads\/2021\/09\/dvvd_1800x1800-441x441.jpg 441w, https:\/\/bekween.ma\/wp-content\/uploads\/2021\/09\/dvvd_1800x1800-800x800.jpg 800w, https:\/\/bekween.ma\/wp-content\/uploads\/2021\/09\/dvvd_1800x1800.jpg 1080w\" sizes=\"(max-width: 300px) 100vw, 300px\" \/><\/p><p style=\"text-align: center;\"><strong>\u064a\u062f\u0648\u0645 \u0637\u0648\u0644 \u0627\u0644\u0646\u0647\u0627\u0631<\/strong><\/p><p style=\"text-align: center;\">\u0627\u0644\u0645\u0633\u062d\u0648\u0642 \u0645\u0642\u0627\u0648\u0645 \u0644\u0644\u0639\u0631\u0642 \u0648\u0627\u0644\u0645\u0627\u0621 \u0648\u0627\u0644\u0632\u064a\u062a \u060c \u0645\u0645\u0627 \u064a\u062c\u0639\u0644\u0647 \u062c\u0627\u0641\u064b\u0627 \u0648\u0645\u062a\u064a\u0646\u064b\u0627 \u0637\u0648\u0627\u0644 \u0627\u0644\u064a\u0648\u0645 !<\/p><p style=\"text-align: center;\"><img loading=\"lazy\" decoding=\"async\" class=\"size-medium wp-image-7689 aligncenter\" src=\"https:\/\/bekween.ma\/wp-content\/uploads\/2021\/09\/cd_1800x1800-300x300.png\" alt=\"maquillage sourcils r\u00e9sistant \u00e0 l&#039;eau \" width=\"300\" height=\"300\" title=\"\" srcset=\"https:\/\/bekween.ma\/wp-content\/uploads\/2021\/09\/cd_1800x1800-300x300.png 300w, https:\/\/bekween.ma\/wp-content\/uploads\/2021\/09\/cd_1800x1800-150x150.png 150w, https:\/\/bekween.ma\/wp-content\/uploads\/2021\/09\/cd_1800x1800-768x768.png 768w, https:\/\/bekween.ma\/wp-content\/uploads\/2021\/09\/cd_1800x1800-12x12.png 12w, https:\/\/bekween.ma\/wp-content\/uploads\/2021\/09\/cd_1800x1800-441x441.png 441w, https:\/\/bekween.ma\/wp-content\/uploads\/2021\/09\/cd_1800x1800-800x800.png 800w, https:\/\/bekween.ma\/wp-content\/uploads\/2021\/09\/cd_1800x1800.png 986w\" sizes=\"(max-width: 300px) 100vw, 300px\" \/><\/p><p style=\"text-align: center;\"><strong>\u0648\u0641\u0631 \u0627\u0644\u0648\u0642\u062a\u00a0<\/strong><\/p><p style=\"text-align: center;\">\u0645\u0646 \u0623\u0647\u0645 \u0627\u0644\u0623\u0633\u0628\u0627\u0628 \u0627\u0644\u062a\u064a \u062c\u0639\u0644\u062a \u0632\u0628\u0646\u0627\u0626\u0646\u0627 \u0648\u0641\u064a\u064a\u0646\u0627 \u0644\u0645\u062c\u0645\u0648\u0639\u0629 KIYAH\u060c \u0647\u064a \u0633\u0647\u0648\u0644\u0629 \u0625\u0633\u062a\u0639\u0645\u0627\u0644\u0647\u0627, \u0628\u062d\u064a\u062b \u064a\u0637\u0628\u0642 \u0641\u064a \u062b\u0648\u0627\u0646. \u064a\u0643\u0641\u064a \u0627\u062e\u062a\u064a\u0627\u0631 \u0634\u0643\u0644 \u0627\u0644\u062d\u0627\u062c\u0628 \u0627\u0644\u0645\u0637\u0644\u0648\u0628 \u062b\u0645 \u0648\u0636\u0639 \u0627\u0644\u0645\u0631\u0647\u0645 \u0641\u0642\u0637 ... \u0648\u0627\u0646\u062a\u0647\u0649 \u0627\u0644\u0623\u0645\u0631!<\/p><p style=\"text-align: center;\"><img loading=\"lazy\" decoding=\"async\" class=\"alignnone wp-image-7699 aligncenter\" src=\"https:\/\/bekween.ma\/wp-content\/uploads\/2021\/09\/3_8a50eb49-e3c0-4706-9e83-0bf91386f278_1800x1800-300x300.jpg\" alt=\"\" width=\"348\" height=\"348\" title=\"\" srcset=\"https:\/\/bekween.ma\/wp-content\/uploads\/2021\/09\/3_8a50eb49-e3c0-4706-9e83-0bf91386f278_1800x1800-300x300.jpg 300w, https:\/\/bekween.ma\/wp-content\/uploads\/2021\/09\/3_8a50eb49-e3c0-4706-9e83-0bf91386f278_1800x1800-150x150.jpg 150w, https:\/\/bekween.ma\/wp-content\/uploads\/2021\/09\/3_8a50eb49-e3c0-4706-9e83-0bf91386f278_1800x1800-768x768.jpg 768w, https:\/\/bekween.ma\/wp-content\/uploads\/2021\/09\/3_8a50eb49-e3c0-4706-9e83-0bf91386f278_1800x1800-12x12.jpg 12w, https:\/\/bekween.ma\/wp-content\/uploads\/2021\/09\/3_8a50eb49-e3c0-4706-9e83-0bf91386f278_1800x1800-441x441.jpg 441w, https:\/\/bekween.ma\/wp-content\/uploads\/2021\/09\/3_8a50eb49-e3c0-4706-9e83-0bf91386f278_1800x1800.jpg 800w\" sizes=\"(max-width: 348px) 100vw, 348px\" \/><strong>\u062f\u0644\u064a\u0644 \u0627\u0644\u0627\u0633\u062a\u062e\u062f\u0627\u0645 :<\/strong><\/p><p style=\"text-align: center;\">1- \u0627\u062e\u062a\u0631 \u0634\u0643\u0644 \u0627\u0644\u0627\u0633\u062a\u0646\u0633\u0644 \u0627\u0644\u0630\u064a \u064a\u0646\u0627\u0633\u0628 \u062d\u0648\u0627\u062c\u0628\u0643<\/p><p style=\"text-align: center;\">2- \u0623\u062b\u0646\u0627\u0621 \u0625\u0645\u0633\u0627\u0643 \u0627\u0644\u0627\u0633\u062a\u0646\u0633\u0644 \u0628\u0634\u0643\u0644 \u0645\u0633\u0637\u062d \u0628\u064a\u062f \u0648\u0627\u062d\u062f\u0629\u060c \u0627\u0633\u062a\u062e\u062f\u0645 \u064a\u062f\u0643 \u0627\u0644\u0623\u062e\u0631\u0649 \u0644\u0648\u0636\u0639 \u0627\u0644\u0645\u0631\u0647\u0645 \u0648 \u0625\u0638\u063a\u0637 \u0639\u0644\u064a\u0647 \u0628\u0631\u0641\u0642<\/p><p style=\"text-align: center;\">3- \u0627\u0628\u062f\u0623\u064a \u0645\u0646 \u0630\u064a\u0644 \u062d\u0627\u062c\u0628\u0643 \u0625\u0644\u0649 \u0627\u0644\u062c\u0647\u0629 \u0627\u0644\u0623\u062e\u0631\u0649 \u0645\u0639 \u0627\u0644\u0638\u063a\u0637 \u0628\u0631\u0641\u0642. \u0644\u062a\u063a\u0645\u064a\u0642 \u0627\u0644\u062d\u0627\u062c\u0628 \u060c \u064a\u0643\u0641\u064a \u0641\u0642\u0637 \u0627\u0644\u0636\u063a\u0637 \u0628\u0642\u0648\u0629 \u0623\u0643\u0628\u0631 \u0648\u0627\u0644\u062a\u0643\u0631\u0627\u0631<\/p><p style=\"text-align: center;\">\u0648 \u0623\u062e\u064a\u0631\u0627 \u0627\u0645\u0633\u062d \u0627\u0644\u0627\u0633\u062a\u0646\u0633\u0644 \u0628\u0645\u0646\u062f\u064a\u0644 \u0648\u0642\u0644\u0628\u0647 \u0644\u062a\u0644\u0637\u064a\u0641 \u062d\u0627\u062c\u0628\u0643 \u0627\u0644\u0622\u062e\u0631 \u0628\u062a\u0643\u0631\u0627\u0631 \u0627\u0644\u062e\u0637\u0648\u0627\u062a \u0645\u0646 1 \u0625\u0644\u0649 3.<\/p><p style=\"text-align: center;\"><a id=\"sendbtn\" class=\"shortcode_wa_button\" href=\"https:\/\/web.whatsapp.com\/send?phone=212609021104&#038;text=Salut%2C%20je%20souhaite%20commander%2Finfos%20sur%20ce%20produits%20svp%20%3A&#038;app_absent=0\" target=\"_blank\" rel=\"noopener\"><span>Je veux l&#039;avoir !<\/span><\/a><\/p>\t\t\t\t\t\t\t\t<\/div>\n\t\t\t\t<\/div>\n\t\t\t\t<div class=\"elementor-element elementor-element-e344415 elementor-widget elementor-widget-wp-widget-custom_html\" data-id=\"e344415\" data-element_type=\"widget\" data-widget_type=\"wp-widget-custom_html.default\">\n\t\t\t\t<div class=\"elementor-widget-container\">\n\t\t\t\t\t<h5>pour commander<\/h5><div class=\"textwidget custom-html-widget\"><div class=\"wpforms-container wpforms-container-full\" id=\"wpforms-7799\"><form id=\"wpforms-form-7799\" class=\"wpforms-validate wpforms-form wpforms-ajax-form\" data-formid=\"7799\" method=\"post\" enctype=\"multipart\/form-data\" action=\"\/ar\/wp-json\/wp\/v2\/product\/7671\" data-token=\"76690d68764541e5499f08b13f7e099b\" data-token-time=\"1778001518\" data-trp-original-action=\"\/ar\/wp-json\/wp\/v2\/product\/7671\"><noscript class=\"wpforms-error-noscript\">Please enable JavaScript in your browser to complete this form.<\/noscript><div class=\"wpforms-field-container\"><div id=\"wpforms-7799-field_3-container\" class=\"wpforms-field wpforms-field-name\" data-field-id=\"3\"><label class=\"wpforms-field-label\" for=\"wpforms-7799-field_3\">Nom complet <span class=\"wpforms-required-label\">*<\/span><\/label><input type=\"text\" id=\"wpforms-7799-field_3\" class=\"wpforms-field-medium wpforms-field-required\" name=\"wpforms[fields][3]\" required><\/div><div id=\"wpforms-7799-field_5-container\" class=\"wpforms-field wpforms-field-number\" data-field-id=\"5\"><label class=\"wpforms-field-label\" for=\"wpforms-7799-field_5\">T\u00e9l\u00e9phone <span class=\"wpforms-required-label\">*<\/span><\/label><input type=\"number\" id=\"wpforms-7799-field_5\" class=\"wpforms-field-medium wpforms-field-required\" name=\"wpforms[fields][5]\" required><\/div><div id=\"wpforms-7799-field_2-container\" class=\"wpforms-field wpforms-field-textarea\" data-field-id=\"2\"><label class=\"wpforms-field-label\" for=\"wpforms-7799-field_2\">Adresse \/ ville <span class=\"wpforms-required-label\">*<\/span><\/label><textarea id=\"wpforms-7799-field_2\" class=\"wpforms-field-small wpforms-field-required\" name=\"wpforms[fields][2]\" required><\/textarea><\/div><\/div><!-- .wpforms-field-container --><div class=\"wpforms-submit-container\" ><input type=\"hidden\" name=\"wpforms[id]\" value=\"7799\"><input type=\"hidden\" name=\"page_title\" value=\"\"><input type=\"hidden\" name=\"page_url\" value=\"https:\/\/bekween.ma\/ar\/wp-json\/wp\/v2\/product\/7671\"><button type=\"submit\" name=\"wpforms[submit]\" id=\"wpforms-submit-7799\" class=\"wpforms-submit\" data-alt-text=\"Encours...\" data-submit-text=\"Je veux l&#039;obtenir !\" aria-live=\"assertive\" value=\"wpforms-submit\">Je veux l&#039;obtenir !<\/button><img loading=\"lazy\" decoding=\"async\" src=\"https:\/\/bekween.ma\/wp-content\/plugins\/wpforms-lite\/assets\/images\/submit-spin.svg\" class=\"wpforms-submit-spinner\" style=\"display: none;\" width=\"26\" height=\"26\" alt=\"Loading\" title=\"\"><\/div><input type=\"hidden\" name=\"trp-form-language\" value=\"ar\"\/><\/form><\/div>  <!-- .wpforms-container --><\/div>\t\t\t\t<\/div>\n\t\t\t\t<\/div>\n\t\t\t\t\t<\/div>\n\t\t<\/div>\n\t\t\t\t\t<\/div>\n\t\t<\/section>\n\t\t\t\t<\/div>","protected":false},"excerpt":{"rendered":"<p>Pourquoi adopter le kit KYAH pour la mise en forme des sourcils? La collection KYAH est une pommade de sourcils qui vous permet de dessiner et de remplir compl\u00e8tement les sourcils ! Facile \u00e0 utiliser et \u00e0 placer en toute s\u00e9curit\u00e9 sur la peau et les cheveux des sourcils, elle vous donne un r\u00e9sultat parfait [&hellip;]<\/p>","protected":false},"featured_media":7767,"comment_status":"open","ping_status":"closed","template":"","meta":[],"product_brand":[],"product_cat":[60],"product_tag":[],"class_list":{"0":"post-7671","1":"product","2":"type-product","3":"status-publish","4":"has-post-thumbnail","6":"product_cat-accesoires","8":"first","9":"instock","10":"sale","11":"shipping-taxable","12":"purchasable","13":"product-type-variable","14":"has-default-attributes"},"_links":{"self":[{"href":"https:\/\/bekween.ma\/ar\/wp-json\/wp\/v2\/product\/7671","targetHints":{"allow":["GET"]}}],"collection":[{"href":"https:\/\/bekween.ma\/ar\/wp-json\/wp\/v2\/product"}],"about":[{"href":"https:\/\/bekween.ma\/ar\/wp-json\/wp\/v2\/types\/product"}],"replies":[{"embeddable":true,"href":"https:\/\/bekween.ma\/ar\/wp-json\/wp\/v2\/comments?post=7671"}],"version-history":[{"count":74,"href":"https:\/\/bekween.ma\/ar\/wp-json\/wp\/v2\/product\/7671\/revisions"}],"predecessor-version":[{"id":7802,"href":"https:\/\/bekween.ma\/ar\/wp-json\/wp\/v2\/product\/7671\/revisions\/7802"}],"wp:featuredmedia":[{"embeddable":true,"href":"https:\/\/bekween.ma\/ar\/wp-json\/wp\/v2\/media\/7767"}],"wp:attachment":[{"href":"https:\/\/bekween.ma\/ar\/wp-json\/wp\/v2\/media?parent=7671"}],"wp:term":[{"taxonomy":"product_brand","embeddable":true,"href":"https:\/\/bekween.ma\/ar\/wp-json\/wp\/v2\/product_brand?post=7671"},{"taxonomy":"product_cat","embeddable":true,"href":"https:\/\/bekween.ma\/ar\/wp-json\/wp\/v2\/product_cat?post=7671"},{"taxonomy":"product_tag","embeddable":true,"href":"https:\/\/bekween.ma\/ar\/wp-json\/wp\/v2\/product_tag?post=7671"}],"curies":[{"name":"wp","href":"https:\/\/api.w.org\/{rel}","templated":true}]}}