{"id":6989,"date":"2021-05-09T01:49:49","date_gmt":"2021-05-08T23:49:49","guid":{"rendered":"https:\/\/bekween.ma\/?post_type=product&#038;p=6989"},"modified":"2025-11-27T09:13:44","modified_gmt":"2025-11-27T08:13:44","slug":"culotte-pivoine-vert","status":"publish","type":"product","link":"https:\/\/bekween.ma\/ar\/product\/culotte-pivoine-vert\/","title":{"rendered":"Culotte Pivoine Verte | Absorption Abondante 25 ml"},"content":{"rendered":"<div data-elementor-type=\"wp-post\" data-elementor-id=\"6989\" class=\"elementor elementor-6989\">\n\t\t\t\t\t\t<section class=\"elementor-section elementor-top-section elementor-element elementor-element-4326e1f2 elementor-section-boxed elementor-section-height-default elementor-section-height-default\" data-id=\"4326e1f2\" data-element_type=\"section\">\n\t\t\t\t\t\t<div class=\"elementor-container elementor-column-gap-default\">\n\t\t\t\t\t<div class=\"elementor-column elementor-col-100 elementor-top-column elementor-element elementor-element-e4a80f9\" data-id=\"e4a80f9\" data-element_type=\"column\">\n\t\t\t<div class=\"elementor-widget-wrap elementor-element-populated\">\n\t\t\t\t\t\t<div class=\"elementor-element elementor-element-629c187d elementor-widget elementor-widget-accordion\" data-id=\"629c187d\" data-element_type=\"widget\" data-widget_type=\"accordion.default\">\n\t\t\t\t<div class=\"elementor-widget-container\">\n\t\t\t\t\t\t\t<div class=\"elementor-accordion\">\n\t\t\t\t\t\t\t<div class=\"elementor-accordion-item\">\n\t\t\t\t\t<div id=\"elementor-tab-title-1651\" class=\"elementor-tab-title\" data-tab=\"1\" role=\"button\" aria-controls=\"elementor-tab-content-1651\" aria-expanded=\"false\">\n\t\t\t\t\t\t\t\t\t\t\t\t\t<span class=\"elementor-accordion-icon elementor-accordion-icon-right\" aria-hidden=\"true\">\n\t\t\t\t\t\t\t\t\t\t\t\t\t\t\t<span class=\"elementor-accordion-icon-closed\"><i class=\"fas fa-plus\"><\/i><\/span>\n\t\t\t\t\t\t\t\t<span class=\"elementor-accordion-icon-opened\"><i class=\"fas fa-minus\"><\/i><\/span>\n\t\t\t\t\t\t\t\t\t\t\t\t\t\t<\/span>\n\t\t\t\t\t\t\t\t\t\t\t\t<a class=\"elementor-accordion-title\" tabindex=\"0\">Description<\/a>\n\t\t\t\t\t<\/div>\n\t\t\t\t\t<div id=\"elementor-tab-content-1651\" class=\"elementor-tab-content elementor-clearfix\" data-tab=\"1\" role=\"region\" aria-labelledby=\"elementor-tab-title-1651\"><p><strong><span style=\"color: #b565aa;\">+ <\/span>Sensations<\/strong> : Confortables, fiables et secs, ils s&rsquo;adaptent comme des sous-v\u00eatements ordinaires ! La culotte est douce et a\u00e9r\u00e9e si bien que vous avez l\u2019impression de porter une culotte classique. Vous pouvez l\u2019enfiler avant d\u2019aller au travail ou de vous coucher, elle prendra soin de vous.<\/p><p><strong><span style=\"color: #b565aa;\">+ <\/span>Votre impact :<\/strong> Moins de serviettes, de prot\u00e8ge-slips et de tampons jetables = que du bonheur pour vous et l&rsquo;environnement.<\/p><p><strong><span style=\"color: #b565aa;\">+<\/span> Notre technologie<\/strong> Modifier Technology\u2122 respirante &#8211; une doublure super fine (3 mm), super absorbante, qui combat les taches et les bact\u00e9ries pour les r\u00e8gles modernes, les fuites urinaires et les pertes.<\/p><p><strong><span style=\"color: #b565aa;\">+<\/span> Changez<\/strong> vos sous-v\u00eatements et apportez un changement positif pour vous et la plan\u00e8te.<\/p><p>Rejoignez le Mouvement BeKween !<\/p><\/div>\n\t\t\t\t<\/div>\n\t\t\t\t\t\t\t<div class=\"elementor-accordion-item\">\n\t\t\t\t\t<div id=\"elementor-tab-title-1652\" class=\"elementor-tab-title\" data-tab=\"2\" role=\"button\" aria-controls=\"elementor-tab-content-1652\" aria-expanded=\"false\">\n\t\t\t\t\t\t\t\t\t\t\t\t\t<span class=\"elementor-accordion-icon elementor-accordion-icon-right\" aria-hidden=\"true\">\n\t\t\t\t\t\t\t\t\t\t\t\t\t\t\t<span class=\"elementor-accordion-icon-closed\"><i class=\"fas fa-plus\"><\/i><\/span>\n\t\t\t\t\t\t\t\t<span class=\"elementor-accordion-icon-opened\"><i class=\"fas fa-minus\"><\/i><\/span>\n\t\t\t\t\t\t\t\t\t\t\t\t\t\t<\/span>\n\t\t\t\t\t\t\t\t\t\t\t\t<a class=\"elementor-accordion-title\" tabindex=\"0\">Composition<\/a>\n\t\t\t\t\t<\/div>\n\t\t\t\t\t<div id=\"elementor-tab-content-1652\" class=\"elementor-tab-content elementor-clearfix\" data-tab=\"2\" role=\"region\" aria-labelledby=\"elementor-tab-title-1652\"><p>Mati\u00e8res : Fibres Bamboo, nylon, spandex.\u00a0<\/p><p>4 couches pour une s\u00e9curit\u00e9 et confort maximal tout au longe de la journ\u00e9e :<\/p><p><strong><img fetchpriority=\"high\" decoding=\"async\" class=\"size-medium wp-image-7562 alignright\" src=\"https:\/\/bekween.ma\/wp-content\/uploads\/2021\/05\/fonctionnement-4-couches-culottes-Croquer-300x270.gif\" alt=\"Culotte-menstruelle-fonctionnement\" width=\"300\" height=\"270\" title=\"\" srcset=\"https:\/\/bekween.ma\/wp-content\/uploads\/2021\/05\/fonctionnement-4-couches-culottes-Croquer-300x270.gif 300w, https:\/\/bekween.ma\/wp-content\/uploads\/2021\/05\/fonctionnement-4-couches-culottes-Croquer-150x135.gif 150w\" sizes=\"(max-width: 300px) 100vw, 300px\" \/><\/strong><\/p><p><strong>#1<\/strong>\u00a0<strong>Drainage<\/strong><\/p><p>Le mat\u00e9riau en contact avec votre peau est tr\u00e8s doux, il draine le sang vers la couche absorbante. Ainsi, la culotte \u00e9vacue l\u2019humidit\u00e9 pour une s\u00e8cheresse garantie toute la journ\u00e9e !<\/p><p><strong>#2<\/strong>\u00a0<strong>Absorption<\/strong><\/p><p>La mati\u00e8re ultra-absorbante est fabriqu\u00e9e \u00e0 partir de Bambou. Les fils utilis\u00e9s permettent de r\u00e9duire les odeurs et maintiennent la fra\u00eecheur durant toute la journ\u00e9e ou toute la nuit. C\u2019est la confiance assur\u00e9e \ud83d\ude09<\/p><p><strong>#3<\/strong>\u00a0<strong>Antifuite<\/strong><\/p><p>La membrane \u00e9tanche constitue une barri\u00e8re imperm\u00e9able ultra-fiable. Elle est\u00a0cependant respirante pour permettre \u00e0 la peau de respirer et \u00e0 l\u2019eau contenue dans le sang de s\u2019\u00e9vaporer par la chaleur du corps.<\/p><\/div>\n\t\t\t\t<\/div>\n\t\t\t\t\t\t\t<div class=\"elementor-accordion-item\">\n\t\t\t\t\t<div id=\"elementor-tab-title-1653\" class=\"elementor-tab-title\" data-tab=\"3\" role=\"button\" aria-controls=\"elementor-tab-content-1653\" aria-expanded=\"false\">\n\t\t\t\t\t\t\t\t\t\t\t\t\t<span class=\"elementor-accordion-icon elementor-accordion-icon-right\" aria-hidden=\"true\">\n\t\t\t\t\t\t\t\t\t\t\t\t\t\t\t<span class=\"elementor-accordion-icon-closed\"><i class=\"fas fa-plus\"><\/i><\/span>\n\t\t\t\t\t\t\t\t<span class=\"elementor-accordion-icon-opened\"><i class=\"fas fa-minus\"><\/i><\/span>\n\t\t\t\t\t\t\t\t\t\t\t\t\t\t<\/span>\n\t\t\t\t\t\t\t\t\t\t\t\t<a class=\"elementor-accordion-title\" tabindex=\"0\">Guide d'entretien<\/a>\n\t\t\t\t\t<\/div>\n\t\t\t\t\t<div id=\"elementor-tab-content-1653\" class=\"elementor-tab-content elementor-clearfix\" data-tab=\"3\" role=\"region\" aria-labelledby=\"elementor-tab-title-1653\"><p><img decoding=\"async\" class=\"wp-image-6811 alignright\" src=\"https:\/\/bekween.ma\/wp-content\/uploads\/2021\/05\/MB_3289dc11-1c37-4163-b386-a3f7cff642a9-300x198.png\" alt=\"guide-entretien-culotte-menstruelle\" width=\"251\" height=\"165\" title=\"\" srcset=\"https:\/\/bekween.ma\/wp-content\/uploads\/2021\/05\/MB_3289dc11-1c37-4163-b386-a3f7cff642a9-300x198.png 300w, https:\/\/bekween.ma\/wp-content\/uploads\/2021\/05\/MB_3289dc11-1c37-4163-b386-a3f7cff642a9-1024x676.png 1024w, https:\/\/bekween.ma\/wp-content\/uploads\/2021\/05\/MB_3289dc11-1c37-4163-b386-a3f7cff642a9-768x507.png 768w, https:\/\/bekween.ma\/wp-content\/uploads\/2021\/05\/MB_3289dc11-1c37-4163-b386-a3f7cff642a9-800x528.png 800w, https:\/\/bekween.ma\/wp-content\/uploads\/2021\/05\/MB_3289dc11-1c37-4163-b386-a3f7cff642a9-150x99.png 150w, https:\/\/bekween.ma\/wp-content\/uploads\/2021\/05\/MB_3289dc11-1c37-4163-b386-a3f7cff642a9.png 1160w\" sizes=\"(max-width: 251px) 100vw, 251px\" \/><\/p><p>\u00a0<\/p><p><strong>Etape 1.<\/strong> Lavez vos Bekweens avant de les porter pour la premi\u00e8re fois. Pour activer la technologie absorbante au maximale.<\/p><p><strong>Etape 2.<\/strong> Apr\u00e8s utilisation, rincer \u00e0 l&rsquo;eau froide \u00e0 &lt;30\u00b0. Ne pas faire tremper, juste rincer jusqu&rsquo;\u00e0 ce que l&rsquo;eau soit claire !\u00a0<\/p><p><strong>Etape 3.<\/strong> Laver \u00e0 la main ou en machine \u00e0 30\u00b0 max. Eviter d\u2019utiliser de savon gras (type savon de Marseille, d&rsquo;Alep, savon noir) d&rsquo;assouplissant ou adoucissant car cela ab\u00eeme la partie absorbante.<\/p><p><strong>Etape 4.<\/strong> S\u00e9cher \u00e0 l&rsquo;air libre. R\u00e9utiliser. R\u00e9p\u00e9tez ! Vas-y, guerrier BeKween \u00e9colo !<\/p><p>\u00a0<\/p><\/div>\n\t\t\t\t<\/div>\n\t\t\t\t\t\t\t<div class=\"elementor-accordion-item\">\n\t\t\t\t\t<div id=\"elementor-tab-title-1654\" class=\"elementor-tab-title\" data-tab=\"4\" role=\"button\" aria-controls=\"elementor-tab-content-1654\" aria-expanded=\"false\">\n\t\t\t\t\t\t\t\t\t\t\t\t\t<span class=\"elementor-accordion-icon elementor-accordion-icon-right\" aria-hidden=\"true\">\n\t\t\t\t\t\t\t\t\t\t\t\t\t\t\t<span class=\"elementor-accordion-icon-closed\"><i class=\"fas fa-plus\"><\/i><\/span>\n\t\t\t\t\t\t\t\t<span class=\"elementor-accordion-icon-opened\"><i class=\"fas fa-minus\"><\/i><\/span>\n\t\t\t\t\t\t\t\t\t\t\t\t\t\t<\/span>\n\t\t\t\t\t\t\t\t\t\t\t\t<a class=\"elementor-accordion-title\" tabindex=\"0\">Livraison express 24H<\/a>\n\t\t\t\t\t<\/div>\n\t\t\t\t\t<div id=\"elementor-tab-content-1654\" class=\"elementor-tab-content elementor-clearfix\" data-tab=\"4\" role=\"region\" aria-labelledby=\"elementor-tab-title-1654\"><p>Nous livrons \u00e0 domicile partout au Maroc via nos partenaires experts et reconnus pour leur fiabilit\u00e9. \ud83d\ude09<\/p><p>Le d\u00e9lai de livraison est de 24H pour les villes suivantes: Casablanca- Rabat- Sal\u00e9-\u00a0Sala Al jadida &#8211; Temara.<\/p><p>Pour les autres villes Marocaines, le d\u00e9lai de livraison est de 48\/72H via nos partenaires.<\/p><p>Les frais de livraison sont de 15 DH et Gratuites \u00e0 partir de 300 DH.<\/p><p>Tous les d\u00e9lais d&rsquo;exp\u00e9dition sont indiqu\u00e9s en jours ouvrables (hors dimanche et jours f\u00e9ri\u00e9s).<\/p><\/div>\n\t\t\t\t<\/div>\n\t\t\t\t\t\t\t<div class=\"elementor-accordion-item\">\n\t\t\t\t\t<div id=\"elementor-tab-title-1655\" class=\"elementor-tab-title\" data-tab=\"5\" role=\"button\" aria-controls=\"elementor-tab-content-1655\" aria-expanded=\"false\">\n\t\t\t\t\t\t\t\t\t\t\t\t\t<span class=\"elementor-accordion-icon elementor-accordion-icon-right\" aria-hidden=\"true\">\n\t\t\t\t\t\t\t\t\t\t\t\t\t\t\t<span class=\"elementor-accordion-icon-closed\"><i class=\"fas fa-plus\"><\/i><\/span>\n\t\t\t\t\t\t\t\t<span class=\"elementor-accordion-icon-opened\"><i class=\"fas fa-minus\"><\/i><\/span>\n\t\t\t\t\t\t\t\t\t\t\t\t\t\t<\/span>\n\t\t\t\t\t\t\t\t\t\t\t\t<a class=\"elementor-accordion-title\" tabindex=\"0\">Satisfait ou rembours\u00e9 7 jours<\/a>\n\t\t\t\t\t<\/div>\n\t\t\t\t\t<div id=\"elementor-tab-content-1655\" class=\"elementor-tab-content elementor-clearfix\" data-tab=\"5\" role=\"region\" aria-labelledby=\"elementor-tab-title-1655\"><p>Nous avons confiance en la qualit\u00e9 de nos produits, et nous ferons tout ce qui est en notre pouvoir pour vous procurer l&rsquo;enti\u00e8re satisfaction.<\/p><p>Si, \u00e0 tout moment, vous n&rsquo;\u00eates pas enti\u00e8rement satisfait de votre produit, vous \u00eates plus que bienvenu pour retourner le(s) article(s) afin d&rsquo;\u00eatre rembours\u00e9 ou le(s) \u00e9changer.<\/p><p>Il suffira de nous contacter au pr\u00e9alable pour nous en informer sous 7 jours apr\u00e8s la r\u00e9ception du colis. Au-del\u00e0 de ces d\u00e9lais, aucun retour ne sera accept\u00e9.<\/p><p>\u00c0 la r\u00e9ception du retour et apr\u00e8s v\u00e9rification, nous vous rembourserons le montant du produit, en d\u00e9duisant les frais d&rsquo;exp\u00e9dition.<\/p><p>Tous les articles retourn\u00e9s doivent \u00eatre dans un \u00e9tat \u00ab\u00a0comme neuf\u00a0\u00bb pour pouvoir \u00eatre rembours\u00e9s ou \u00e9chang\u00e9s.<\/p><\/div>\n\t\t\t\t<\/div>\n\t\t\t\t\t\t\t\t<\/div>\n\t\t\t\t\t\t<\/div>\n\t\t\t\t<\/div>\n\t\t\t\t\t<\/div>\n\t\t<\/div>\n\t\t\t\t\t<\/div>\n\t\t<\/section>\n\t\t\t\t<\/div>","protected":false},"excerpt":{"rendered":"<div class=\"product-single__description\">\n<p><strong>D\u00e9bit :<\/strong> 25 ml = 4 serviettes<\/p>\n<p><strong>Pour : <\/strong>A utiliser seule les jours de r\u00e8gles abondantes, ou pendant la nuit pour prot\u00e9ger vos draps blancs, boom ! \u00e0 utiliser aussi pour les fuites urinaires et les pertes abondantes.<\/p>\n<\/div>","protected":false},"featured_media":6994,"comment_status":"open","ping_status":"closed","template":"","meta":[],"product_brand":[],"product_cat":[57],"product_tag":[],"class_list":{"0":"post-6989","1":"product","2":"type-product","3":"status-publish","4":"has-post-thumbnail","6":"product_cat-absorption-abandante","8":"first","9":"instock","10":"shipping-taxable","11":"purchasable","12":"product-type-variable","13":"has-default-attributes"},"_links":{"self":[{"href":"https:\/\/bekween.ma\/ar\/wp-json\/wp\/v2\/product\/6989","targetHints":{"allow":["GET"]}}],"collection":[{"href":"https:\/\/bekween.ma\/ar\/wp-json\/wp\/v2\/product"}],"about":[{"href":"https:\/\/bekween.ma\/ar\/wp-json\/wp\/v2\/types\/product"}],"replies":[{"embeddable":true,"href":"https:\/\/bekween.ma\/ar\/wp-json\/wp\/v2\/comments?post=6989"}],"version-history":[{"count":14,"href":"https:\/\/bekween.ma\/ar\/wp-json\/wp\/v2\/product\/6989\/revisions"}],"predecessor-version":[{"id":7619,"href":"https:\/\/bekween.ma\/ar\/wp-json\/wp\/v2\/product\/6989\/revisions\/7619"}],"wp:featuredmedia":[{"embeddable":true,"href":"https:\/\/bekween.ma\/ar\/wp-json\/wp\/v2\/media\/6994"}],"wp:attachment":[{"href":"https:\/\/bekween.ma\/ar\/wp-json\/wp\/v2\/media?parent=6989"}],"wp:term":[{"taxonomy":"product_brand","embeddable":true,"href":"https:\/\/bekween.ma\/ar\/wp-json\/wp\/v2\/product_brand?post=6989"},{"taxonomy":"product_cat","embeddable":true,"href":"https:\/\/bekween.ma\/ar\/wp-json\/wp\/v2\/product_cat?post=6989"},{"taxonomy":"product_tag","embeddable":true,"href":"https:\/\/bekween.ma\/ar\/wp-json\/wp\/v2\/product_tag?post=6989"}],"curies":[{"name":"wp","href":"https:\/\/api.w.org\/{rel}","templated":true}]}}