{"id":6974,"date":"2021-05-08T02:00:36","date_gmt":"2021-05-08T00:00:36","guid":{"rendered":"https:\/\/bekween.ma\/?page_id=6974"},"modified":"2021-05-26T12:25:44","modified_gmt":"2021-05-26T10:25:44","slug":"mentions-legales","status":"publish","type":"page","link":"https:\/\/bekween.ma\/ar\/mentions-legales\/","title":{"rendered":"Mentions L\u00e9gales"},"content":{"rendered":"<p><strong>Propri\u00e9taire&nbsp;et \u00e9diteur du site :<\/strong><\/p><p>Micro-entreprise : Akinego Sarl<br>G\u00e9rant : Abdeljalil BOUACHRA<br>Adresse web : www.BeKween.ma<br>Adresse Postale : Rue Jbel Moussa, Rabat 10080, Maroc<br>T\u00e9l\u00e9phone : 06 09 02 11 04<br>Adresse \u00e9lectronique :&nbsp;contact@BeKween.ma<br>ICE : 002710972000053<\/p><p><strong>H\u00e9bergement du site :<\/strong><\/p><p>Soci\u00e9t\u00e9 : Hostinger<br>Adresse web : www.hostinger.com<br>Adresse \u00e9lectronique :&nbsp;support@hostinger.com<\/p><p><strong>D\u00e9veloppement et maintenance du site :<\/strong><\/p><p>Abdeljalil BOUACHRA<br>Adresse web : www.BeKween.ma<br>Adresse Postale : Rue Jbel Moussa, Rabat 10080, Maroc<\/p><p>T\u00e9l\u00e9phone : 06 09 02 11 04<br>Adresse \u00e9lectronique :&nbsp;contact@BeKween.ma<\/p>","protected":false},"excerpt":{"rendered":"<p>Propri\u00e9taire&nbsp;et \u00e9diteur du site : Micro-entreprise : Akinego SarlG\u00e9rant : Abdeljalil BOUACHRAAdresse web : www.BeKween.maAdresse Postale : Rue Jbel Moussa, Rabat 10080, MarocT\u00e9l\u00e9phone : 06 09 02 11 04Adresse \u00e9lectronique :&nbsp;contact@BeKween.maICE : 002710972000053 H\u00e9bergement du site : Soci\u00e9t\u00e9 : HostingerAdresse web : www.hostinger.comAdresse \u00e9lectronique :&nbsp;support@hostinger.com D\u00e9veloppement et maintenance du site : Abdeljalil BOUACHRAAdresse web : [&hellip;]<\/p>","protected":false},"author":1,"featured_media":0,"parent":0,"menu_order":0,"comment_status":"closed","ping_status":"closed","template":"","meta":{"footnotes":""},"class_list":["post-6974","page","type-page","status-publish","hentry"],"_links":{"self":[{"href":"https:\/\/bekween.ma\/ar\/wp-json\/wp\/v2\/pages\/6974","targetHints":{"allow":["GET"]}}],"collection":[{"href":"https:\/\/bekween.ma\/ar\/wp-json\/wp\/v2\/pages"}],"about":[{"href":"https:\/\/bekween.ma\/ar\/wp-json\/wp\/v2\/types\/page"}],"author":[{"embeddable":true,"href":"https:\/\/bekween.ma\/ar\/wp-json\/wp\/v2\/users\/1"}],"replies":[{"embeddable":true,"href":"https:\/\/bekween.ma\/ar\/wp-json\/wp\/v2\/comments?post=6974"}],"version-history":[{"count":1,"href":"https:\/\/bekween.ma\/ar\/wp-json\/wp\/v2\/pages\/6974\/revisions"}],"predecessor-version":[{"id":6975,"href":"https:\/\/bekween.ma\/ar\/wp-json\/wp\/v2\/pages\/6974\/revisions\/6975"}],"wp:attachment":[{"href":"https:\/\/bekween.ma\/ar\/wp-json\/wp\/v2\/media?parent=6974"}],"curies":[{"name":"wp","href":"https:\/\/api.w.org\/{rel}","templated":true}]}}