{"id":6819,"date":"2021-05-06T14:31:43","date_gmt":"2021-05-06T12:31:43","guid":{"rendered":"https:\/\/bekween.ma\/?page_id=6819"},"modified":"2021-05-26T19:16:13","modified_gmt":"2021-05-26T17:16:13","slug":"technologie-culottes-menstruelles","status":"publish","type":"page","link":"https:\/\/bekween.ma\/ar\/technologie-culottes-menstruelles\/","title":{"rendered":"\u0627\u0644\u062a\u0643\u0646\u0648\u0644\u0648\u062c\u064a\u0627"},"content":{"rendered":"<div data-elementor-type=\"wp-page\" data-elementor-id=\"6819\" class=\"elementor elementor-6819\">\n\t\t\t\t\t\t<section class=\"elementor-section elementor-top-section elementor-element elementor-element-3adf316 elementor-section-boxed elementor-section-height-default elementor-section-height-default\" data-id=\"3adf316\" data-element_type=\"section\">\n\t\t\t\t\t\t<div class=\"elementor-container elementor-column-gap-default\">\n\t\t\t\t\t<div class=\"elementor-column elementor-col-100 elementor-top-column elementor-element elementor-element-667bdba\" data-id=\"667bdba\" data-element_type=\"column\">\n\t\t\t<div class=\"elementor-widget-wrap elementor-element-populated\">\n\t\t\t\t\t\t<div class=\"elementor-element elementor-element-e5b4c97 elementor-widget elementor-widget-spacer\" data-id=\"e5b4c97\" data-element_type=\"widget\" data-widget_type=\"spacer.default\">\n\t\t\t\t<div class=\"elementor-widget-container\">\n\t\t\t\t\t\t\t<div class=\"elementor-spacer\">\n\t\t\t<div class=\"elementor-spacer-inner\"><\/div>\n\t\t<\/div>\n\t\t\t\t\t\t<\/div>\n\t\t\t\t<\/div>\n\t\t\t\t\t<\/div>\n\t\t<\/div>\n\t\t\t\t\t<\/div>\n\t\t<\/section>\n\t\t\t\t<section class=\"elementor-section elementor-top-section elementor-element elementor-element-ceaa064 elementor-section-boxed elementor-section-height-default elementor-section-height-default\" data-id=\"ceaa064\" data-element_type=\"section\">\n\t\t\t\t\t\t<div class=\"elementor-container elementor-column-gap-default\">\n\t\t\t\t\t<div class=\"elementor-column elementor-col-100 elementor-top-column elementor-element elementor-element-6f813f6\" data-id=\"6f813f6\" data-element_type=\"column\">\n\t\t\t<div class=\"elementor-widget-wrap elementor-element-populated\">\n\t\t\t\t\t\t<div class=\"elementor-element elementor-element-f84ca2b elementor-widget elementor-widget-heading\" data-id=\"f84ca2b\" data-element_type=\"widget\" data-widget_type=\"heading.default\">\n\t\t\t\t<div class=\"elementor-widget-container\">\n\t\t\t\t\t<h1 class=\"elementor-heading-title elementor-size-xl\">La magie des culottes menstruelles BeKween: <\/h1>\t\t\t\t<\/div>\n\t\t\t\t<\/div>\n\t\t\t\t\t<\/div>\n\t\t<\/div>\n\t\t\t\t\t<\/div>\n\t\t<\/section>\n\t\t\t\t<section class=\"elementor-section elementor-top-section elementor-element elementor-element-b68b604 elementor-section-boxed elementor-section-height-default elementor-section-height-default\" data-id=\"b68b604\" data-element_type=\"section\">\n\t\t\t\t\t\t<div class=\"elementor-container elementor-column-gap-default\">\n\t\t\t\t\t<div class=\"elementor-column elementor-col-100 elementor-top-column elementor-element elementor-element-f9c6db6\" data-id=\"f9c6db6\" data-element_type=\"column\">\n\t\t\t<div class=\"elementor-widget-wrap elementor-element-populated\">\n\t\t\t\t\t\t<div class=\"elementor-element elementor-element-6f7fa24 elementor-widget elementor-widget-text-editor\" data-id=\"6f7fa24\" data-element_type=\"widget\" data-widget_type=\"text-editor.default\">\n\t\t\t\t<div class=\"elementor-widget-container\">\n\t\t\t\t\t\t\t\t\t<p style=\"text-align: center;\">Une culotte menstruelle, jusqu\u2019\u00e0 12H de s\u00e9r\u00e9nit\u00e9 <\/p>\t\t\t\t\t\t\t\t<\/div>\n\t\t\t\t<\/div>\n\t\t\t\t\t<\/div>\n\t\t<\/div>\n\t\t\t\t\t<\/div>\n\t\t<\/section>\n\t\t\t\t<section class=\"elementor-section elementor-top-section elementor-element elementor-element-1f6add7 elementor-section-boxed elementor-section-height-default elementor-section-height-default\" data-id=\"1f6add7\" data-element_type=\"section\">\n\t\t\t\t\t\t<div class=\"elementor-container elementor-column-gap-default\">\n\t\t\t\t\t<div class=\"elementor-column elementor-col-50 elementor-top-column elementor-element elementor-element-ed94f7d\" data-id=\"ed94f7d\" data-element_type=\"column\">\n\t\t\t<div class=\"elementor-widget-wrap elementor-element-populated\">\n\t\t\t\t\t\t<div class=\"elementor-element elementor-element-3ab3ad4 elementor-widget elementor-widget-image\" data-id=\"3ab3ad4\" data-element_type=\"widget\" data-widget_type=\"image.default\">\n\t\t\t\t<div class=\"elementor-widget-container\">\n\t\t\t\t\t\t\t\t\t\t\t\t\t\t\t<img decoding=\"async\" src=\"https:\/\/bekween.ma\/wp-content\/uploads\/2021\/04\/Culotte-menstruelle-3.jpg\" title=\"Culotte menstruelle 3\" alt=\"Culotte menstruelle 3\" loading=\"lazy\" \/>\t\t\t\t\t\t\t\t\t\t\t\t\t\t\t<\/div>\n\t\t\t\t<\/div>\n\t\t\t\t\t<\/div>\n\t\t<\/div>\n\t\t\t\t<div class=\"elementor-column elementor-col-50 elementor-top-column elementor-element elementor-element-23f1b5a\" data-id=\"23f1b5a\" data-element_type=\"column\" data-settings=\"{&quot;background_background&quot;:&quot;classic&quot;}\">\n\t\t\t<div class=\"elementor-widget-wrap elementor-element-populated\">\n\t\t\t\t\t\t<div class=\"elementor-element elementor-element-4710b29 elementor-widget elementor-widget-text-editor\" data-id=\"4710b29\" data-element_type=\"widget\" data-widget_type=\"text-editor.default\">\n\t\t\t\t<div class=\"elementor-widget-container\">\n\t\t\t\t\t\t\t\t\t<p>La culotte menstruelle BeKween est une technologie\u00a0puissante, confortable, \u00e9cologique et \u00e9conomique.<\/p><p>Gr\u00e2ce aux mat\u00e9riaux techniques utilis\u00e9s par nos experts,\u00a0la culotte BeKween absorbe le sang de vos r\u00e8gles et assure une protection efficace pendant 6 \u00e0 12 heures, quel que soit votre flux.<\/p><p>Tout comme chaque femme, la culotte menstruelle BeKween est unique et sert \u00e0 des fins diff\u00e9rentes. Elle ne vous sera pas utile uniquement pendant vos r\u00e8gles : car elle sera \u00e9galement votre\u00a0alli\u00e9e en cas de cycle irr\u00e9gulier et au quotidien en cas de pertes blanches abondantes ou de fuites urinaires.<\/p>\t\t\t\t\t\t\t\t<\/div>\n\t\t\t\t<\/div>\n\t\t\t\t\t<\/div>\n\t\t<\/div>\n\t\t\t\t\t<\/div>\n\t\t<\/section>\n\t\t\t\t<section class=\"elementor-section elementor-top-section elementor-element elementor-element-4297718 elementor-section-boxed elementor-section-height-default elementor-section-height-default\" data-id=\"4297718\" data-element_type=\"section\">\n\t\t\t\t\t\t<div class=\"elementor-container elementor-column-gap-default\">\n\t\t\t\t\t<div class=\"elementor-column elementor-col-100 elementor-top-column elementor-element elementor-element-85c0364\" data-id=\"85c0364\" data-element_type=\"column\">\n\t\t\t<div class=\"elementor-widget-wrap elementor-element-populated\">\n\t\t\t\t\t\t<div class=\"elementor-element elementor-element-e9c5ce5 elementor-widget elementor-widget-spacer\" data-id=\"e9c5ce5\" data-element_type=\"widget\" data-widget_type=\"spacer.default\">\n\t\t\t\t<div class=\"elementor-widget-container\">\n\t\t\t\t\t\t\t<div class=\"elementor-spacer\">\n\t\t\t<div class=\"elementor-spacer-inner\"><\/div>\n\t\t<\/div>\n\t\t\t\t\t\t<\/div>\n\t\t\t\t<\/div>\n\t\t\t\t\t<\/div>\n\t\t<\/div>\n\t\t\t\t\t<\/div>\n\t\t<\/section>\n\t\t\t\t<section class=\"elementor-section elementor-top-section elementor-element elementor-element-461771c elementor-section-boxed elementor-section-height-default elementor-section-height-default\" data-id=\"461771c\" data-element_type=\"section\">\n\t\t\t\t\t\t<div class=\"elementor-container elementor-column-gap-default\">\n\t\t\t\t\t<div class=\"elementor-column elementor-col-100 elementor-top-column elementor-element elementor-element-74ce441\" data-id=\"74ce441\" data-element_type=\"column\">\n\t\t\t<div class=\"elementor-widget-wrap elementor-element-populated\">\n\t\t\t\t\t\t<div class=\"elementor-element elementor-element-bb492b1 elementor-widget elementor-widget-heading\" data-id=\"bb492b1\" data-element_type=\"widget\" data-widget_type=\"heading.default\">\n\t\t\t\t<div class=\"elementor-widget-container\">\n\t\t\t\t\t<h2 class=\"elementor-heading-title elementor-size-default\">Une technologie Absorbante et Antifuite qui se soucie du bien-\u00eatre de la femme !<\/h2>\t\t\t\t<\/div>\n\t\t\t\t<\/div>\n\t\t\t\t<section class=\"elementor-section elementor-inner-section elementor-element elementor-element-8c4a968 elementor-section-boxed elementor-section-height-default elementor-section-height-default\" data-id=\"8c4a968\" data-element_type=\"section\">\n\t\t\t\t\t\t<div class=\"elementor-container elementor-column-gap-default\">\n\t\t\t\t\t<div class=\"elementor-column elementor-col-50 elementor-inner-column elementor-element elementor-element-65c220a\" data-id=\"65c220a\" data-element_type=\"column\" data-settings=\"{&quot;background_background&quot;:&quot;classic&quot;}\">\n\t\t\t<div class=\"elementor-widget-wrap elementor-element-populated\">\n\t\t\t\t\t\t<div class=\"elementor-element elementor-element-fec72a4 elementor-widget elementor-widget-text-editor\" data-id=\"fec72a4\" data-element_type=\"widget\" data-widget_type=\"text-editor.default\">\n\t\t\t\t<div class=\"elementor-widget-container\">\n\t\t\t\t\t\t\t\t\t<p><strong><span style=\"color: #b565aa;\">#1<\/span><\/strong> <strong>Drainage<\/strong><\/p><p>Le mat\u00e9riau en contact avec votre peau est tr\u00e8s doux, il draine le sang vers la couche absorbante. Ainsi, la culotte \u00e9vacue l\u2019humidit\u00e9 pour une s\u00e8cheresse garantie toute la journ\u00e9e !<\/p><p><span style=\"color: #b565aa;\"><strong>#2<\/strong><\/span> <strong>Absorption<\/strong><\/p><p>La mati\u00e8re ultra-absorbante est fabriqu\u00e9e \u00e0 partir de Bambou. Les fils utilis\u00e9s permettent de r\u00e9duire les odeurs et maintiennent la fra\u00eecheur durant toute la journ\u00e9e ou toute la nuit. C\u2019est la confiance assur\u00e9e \ud83d\ude09<\/p><p><span style=\"color: #b565aa;\"><strong>#3<\/strong><\/span> <strong>Antifuite<\/strong><\/p><p>La membrane \u00e9tanche constitue une barri\u00e8re imperm\u00e9able ultra-fiable. Elle est\u00a0cependant respirante pour permettre \u00e0 la peau de respirer et \u00e0 l\u2019eau contenue dans le sang de s\u2019\u00e9vaporer par la chaleur du corps.<\/p><p><strong>La technologie BeKween <\/strong><strong>vous garantit <\/strong><strong>une protection sans sensation d\u2019humidit\u00e9, <\/strong><strong>d\u2019odeur<\/strong><strong>\u00a0et <\/strong><strong>de fuite<\/strong><strong>. <\/strong><strong>C\u2019est la s\u00e9curit\u00e9 assur\u00e9e\u00a0!<\/strong><\/p>\t\t\t\t\t\t\t\t<\/div>\n\t\t\t\t<\/div>\n\t\t\t\t\t<\/div>\n\t\t<\/div>\n\t\t\t\t<div class=\"elementor-column elementor-col-50 elementor-inner-column elementor-element elementor-element-04c6a1d\" data-id=\"04c6a1d\" data-element_type=\"column\">\n\t\t\t<div class=\"elementor-widget-wrap elementor-element-populated\">\n\t\t\t\t\t\t<div class=\"elementor-element elementor-element-d773ff6 elementor-widget elementor-widget-image\" data-id=\"d773ff6\" data-element_type=\"widget\" data-widget_type=\"image.default\">\n\t\t\t\t<div class=\"elementor-widget-container\">\n\t\t\t\t\t\t\t\t\t\t\t\t\t\t\t<img fetchpriority=\"high\" decoding=\"async\" width=\"600\" height=\"600\" src=\"https:\/\/bekween.ma\/wp-content\/uploads\/2021\/05\/fonctionnement-4-couches-culottes.gif\" class=\"attachment-large size-large wp-image-6821\" alt=\"\" sizes=\"(max-width: 360px) 147px, \" title=\"\">\t\t\t\t\t\t\t\t\t\t\t\t\t\t\t<\/div>\n\t\t\t\t<\/div>\n\t\t\t\t\t<\/div>\n\t\t<\/div>\n\t\t\t\t\t<\/div>\n\t\t<\/section>\n\t\t\t\t\t<\/div>\n\t\t<\/div>\n\t\t\t\t\t<\/div>\n\t\t<\/section>\n\t\t\t\t<section class=\"elementor-section elementor-top-section elementor-element elementor-element-d5429ed elementor-section-boxed elementor-section-height-default elementor-section-height-default\" data-id=\"d5429ed\" data-element_type=\"section\">\n\t\t\t\t\t\t<div class=\"elementor-container elementor-column-gap-default\">\n\t\t\t\t\t<div class=\"elementor-column elementor-col-100 elementor-top-column elementor-element elementor-element-b46913e\" data-id=\"b46913e\" data-element_type=\"column\">\n\t\t\t<div class=\"elementor-widget-wrap elementor-element-populated\">\n\t\t\t\t\t\t<div class=\"elementor-element elementor-element-9a422df elementor-widget elementor-widget-heading\" data-id=\"9a422df\" data-element_type=\"widget\" data-widget_type=\"heading.default\">\n\t\t\t\t<div class=\"elementor-widget-container\">\n\t\t\t\t\t<h2 class=\"elementor-heading-title elementor-size-default\">Certification OEKO-TEX\u00ae | STANDARD 100<\/h2>\t\t\t\t<\/div>\n\t\t\t\t<\/div>\n\t\t\t\t<div class=\"elementor-element elementor-element-f772964 elementor-widget elementor-widget-text-editor\" data-id=\"f772964\" data-element_type=\"widget\" data-widget_type=\"text-editor.default\">\n\t\t\t\t<div class=\"elementor-widget-container\">\n\t\t\t\t\t\t\t\t\t<p>Parce que nous nous soucions du bien \u00eatre de la femme, nous avons cr\u00e9\u00e9 une alternative efficace et confortable aux protections hygi\u00e9niques traditionnelles, sans compromettre ni sa sant\u00e9, ni la plan\u00e8te (ou l\u2019environnement). Nous avons pris soin de ne choisir que des mat\u00e9riaux qui sont certifi\u00e9s OEKO TEX Standard 100.<\/p>\t\t\t\t\t\t\t\t<\/div>\n\t\t\t\t<\/div>\n\t\t\t\t\t<\/div>\n\t\t<\/div>\n\t\t\t\t\t<\/div>\n\t\t<\/section>\n\t\t\t\t<section class=\"elementor-section elementor-top-section elementor-element elementor-element-59bd325 elementor-section-boxed elementor-section-height-default elementor-section-height-default\" data-id=\"59bd325\" data-element_type=\"section\">\n\t\t\t\t\t\t<div class=\"elementor-container elementor-column-gap-default\">\n\t\t\t\t\t<div class=\"elementor-column elementor-col-50 elementor-top-column elementor-element elementor-element-457829e\" data-id=\"457829e\" data-element_type=\"column\">\n\t\t\t<div class=\"elementor-widget-wrap elementor-element-populated\">\n\t\t\t\t\t\t<div class=\"elementor-element elementor-element-3d31107 elementor-widget elementor-widget-image\" data-id=\"3d31107\" data-element_type=\"widget\" data-widget_type=\"image.default\">\n\t\t\t\t<div class=\"elementor-widget-container\">\n\t\t\t\t\t\t\t\t\t\t\t\t\t\t\t<img decoding=\"async\" width=\"301\" height=\"167\" src=\"https:\/\/bekween.ma\/wp-content\/uploads\/2021\/05\/oeko_standard_100.png\" class=\"attachment-large size-large wp-image-6830\" alt=\"Oeko-standard\" srcset=\"https:\/\/bekween.ma\/wp-content\/uploads\/2021\/05\/oeko_standard_100.png 301w, https:\/\/bekween.ma\/wp-content\/uploads\/2021\/05\/oeko_standard_100-150x83.png 150w\" sizes=\"(max-width: 360px) 147px, (max-width: 301px) 100vw, 301px\" title=\"\">\t\t\t\t\t\t\t\t\t\t\t\t\t\t\t<\/div>\n\t\t\t\t<\/div>\n\t\t\t\t\t<\/div>\n\t\t<\/div>\n\t\t\t\t<div class=\"elementor-column elementor-col-50 elementor-top-column elementor-element elementor-element-648d74f\" data-id=\"648d74f\" data-element_type=\"column\">\n\t\t\t<div class=\"elementor-widget-wrap elementor-element-populated\">\n\t\t\t\t\t\t<div class=\"elementor-element elementor-element-9480d00 elementor-widget elementor-widget-text-editor\" data-id=\"9480d00\" data-element_type=\"widget\" data-widget_type=\"text-editor.default\">\n\t\t\t\t<div class=\"elementor-widget-container\">\n\t\t\t\t\t\t\t\t\t<p>Cr\u00e9\u00e9 en 1992, le label international STANDARD 100 by OEKO-TEX garantit l\u2019absence de substances n\u00e9fastes ou pouvant pr\u00e9senter un risque quelconque pour la sant\u00e9 (irritation, allergie, pr\u00e9sence de substances chimiques ou de r\u00e9sidus \u00e0 risque). Il est renouvel\u00e9 et contr\u00f4l\u00e9 tous les ans.<\/p>\t\t\t\t\t\t\t\t<\/div>\n\t\t\t\t<\/div>\n\t\t\t\t\t<\/div>\n\t\t<\/div>\n\t\t\t\t\t<\/div>\n\t\t<\/section>\n\t\t\t\t<section class=\"elementor-section elementor-top-section elementor-element elementor-element-d88494e elementor-section-boxed elementor-section-height-default elementor-section-height-default\" data-id=\"d88494e\" data-element_type=\"section\">\n\t\t\t\t\t\t<div class=\"elementor-container elementor-column-gap-default\">\n\t\t\t\t\t<div class=\"elementor-column elementor-col-100 elementor-top-column elementor-element elementor-element-dc9bd1e\" data-id=\"dc9bd1e\" data-element_type=\"column\">\n\t\t\t<div class=\"elementor-widget-wrap elementor-element-populated\">\n\t\t\t\t\t\t<div class=\"elementor-element elementor-element-b4d6676 elementor-widget elementor-widget-heading\" data-id=\"b4d6676\" data-element_type=\"widget\" data-widget_type=\"heading.default\">\n\t\t\t\t<div class=\"elementor-widget-container\">\n\t\t\t\t\t<h2 class=\"elementor-heading-title elementor-size-default\">Comment prendre soin de vos culottes menstruelles BeKween ?<\/h2>\t\t\t\t<\/div>\n\t\t\t\t<\/div>\n\t\t\t\t<section class=\"elementor-section elementor-inner-section elementor-element elementor-element-04c1b4d elementor-section-boxed elementor-section-height-default elementor-section-height-default\" data-id=\"04c1b4d\" data-element_type=\"section\">\n\t\t\t\t\t\t<div class=\"elementor-container elementor-column-gap-default\">\n\t\t\t\t\t<div class=\"elementor-column elementor-col-50 elementor-inner-column elementor-element elementor-element-6e8bc7b\" data-id=\"6e8bc7b\" data-element_type=\"column\">\n\t\t\t<div class=\"elementor-widget-wrap elementor-element-populated\">\n\t\t\t\t\t\t<div class=\"elementor-element elementor-element-a842a3d elementor-widget elementor-widget-image\" data-id=\"a842a3d\" data-element_type=\"widget\" data-widget_type=\"image.default\">\n\t\t\t\t<div class=\"elementor-widget-container\">\n\t\t\t\t\t\t\t\t\t\t\t\t\t\t\t<img decoding=\"async\" width=\"1024\" height=\"676\" src=\"https:\/\/bekween.ma\/wp-content\/uploads\/2021\/05\/MB_3289dc11-1c37-4163-b386-a3f7cff642a9-1024x676.png\" class=\"attachment-large size-large wp-image-6811\" alt=\"guide-entretien-culotte-menstruelle\" srcset=\"https:\/\/bekween.ma\/wp-content\/uploads\/2021\/05\/MB_3289dc11-1c37-4163-b386-a3f7cff642a9-1024x676.png 1024w, https:\/\/bekween.ma\/wp-content\/uploads\/2021\/05\/MB_3289dc11-1c37-4163-b386-a3f7cff642a9-300x198.png 300w, https:\/\/bekween.ma\/wp-content\/uploads\/2021\/05\/MB_3289dc11-1c37-4163-b386-a3f7cff642a9-768x507.png 768w, https:\/\/bekween.ma\/wp-content\/uploads\/2021\/05\/MB_3289dc11-1c37-4163-b386-a3f7cff642a9-800x528.png 800w, https:\/\/bekween.ma\/wp-content\/uploads\/2021\/05\/MB_3289dc11-1c37-4163-b386-a3f7cff642a9-150x99.png 150w, https:\/\/bekween.ma\/wp-content\/uploads\/2021\/05\/MB_3289dc11-1c37-4163-b386-a3f7cff642a9.png 1160w\" sizes=\"(max-width: 360px) 147px, (max-width: 1024px) 100vw, 1024px\" title=\"\">\t\t\t\t\t\t\t\t\t\t\t\t\t\t\t<\/div>\n\t\t\t\t<\/div>\n\t\t\t\t\t<\/div>\n\t\t<\/div>\n\t\t\t\t<div class=\"elementor-column elementor-col-50 elementor-inner-column elementor-element elementor-element-45b0525\" data-id=\"45b0525\" data-element_type=\"column\">\n\t\t\t<div class=\"elementor-widget-wrap elementor-element-populated\">\n\t\t\t\t\t\t<div class=\"elementor-element elementor-element-cb03c7d elementor-widget elementor-widget-text-editor\" data-id=\"cb03c7d\" data-element_type=\"widget\" data-widget_type=\"text-editor.default\">\n\t\t\t\t<div class=\"elementor-widget-container\">\n\t\t\t\t\t\t\t\t\t<p><strong>Etape 1. <\/strong>Apr\u00e8s vous \u00eatre procur\u00e9 vos Bekweens, la premi\u00e8re chose \u00e0 faire, avant de les porter, est de les laver, afin d&rsquo;activer la technologie absorbante.<\/p><p><strong>Etape 2. <\/strong>Apr\u00e8s chaque usage, rincer \u00e0 l\u2019eau froide \u00e0 &lt;30\u00b0 jusqu\u2019\u00e0 ce que l\u2019eau soit claire. Ne pas faire tremper !<\/p><p><strong>Etape 3.<\/strong> Laver \u00e0 la main ou en machine \u00e0 30\u00b0 maximum. Eviter l\u2019utilisation de savon gras (Exemple\u00a0: savon de Marseille, d\u2019Alep, savon noir), d\u2019assouplissant ou adoucissant car le contenu des ces produits m\u00e9nagers ab\u00eement la partie absorbante de la culotte menstruelle.<\/p><p><strong>Etape 4. <\/strong>S\u00e9cher-les \u00e0 l\u2019air libre (sur l\u2019\u00e9tendoir) et pliez-les soigneusement. R\u00e9utiliser vos culottes et r\u00e9p\u00e9tez les \u00e9tapes d\u2019entretien ! Vas-y, guerrier BeKween \u00e9colo !<\/p>\t\t\t\t\t\t\t\t<\/div>\n\t\t\t\t<\/div>\n\t\t\t\t\t<\/div>\n\t\t<\/div>\n\t\t\t\t\t<\/div>\n\t\t<\/section>\n\t\t\t\t\t<\/div>\n\t\t<\/div>\n\t\t\t\t\t<\/div>\n\t\t<\/section>\n\t\t\t\t<\/div>","protected":false},"excerpt":{"rendered":"<p>La magie des culottes menstruelles BeKween: Une culotte menstruelle, jusqu\u2019\u00e0 12H de s\u00e9r\u00e9nit\u00e9 La culotte menstruelle BeKween est une technologie&nbsp;puissante, confortable, \u00e9cologique et \u00e9conomique. Gr\u00e2ce aux mat\u00e9riaux techniques utilis\u00e9s par nos experts,&nbsp;la culotte BeKween absorbe le sang de vos r\u00e8gles et assure une protection efficace pendant 6 \u00e0 12 heures, quel que soit votre flux. [&hellip;]<\/p>","protected":false},"author":1,"featured_media":0,"parent":0,"menu_order":0,"comment_status":"closed","ping_status":"closed","template":"template-canvas.php","meta":{"footnotes":""},"class_list":["post-6819","page","type-page","status-publish","hentry"],"_links":{"self":[{"href":"https:\/\/bekween.ma\/ar\/wp-json\/wp\/v2\/pages\/6819","targetHints":{"allow":["GET"]}}],"collection":[{"href":"https:\/\/bekween.ma\/ar\/wp-json\/wp\/v2\/pages"}],"about":[{"href":"https:\/\/bekween.ma\/ar\/wp-json\/wp\/v2\/types\/page"}],"author":[{"embeddable":true,"href":"https:\/\/bekween.ma\/ar\/wp-json\/wp\/v2\/users\/1"}],"replies":[{"embeddable":true,"href":"https:\/\/bekween.ma\/ar\/wp-json\/wp\/v2\/comments?post=6819"}],"version-history":[{"count":42,"href":"https:\/\/bekween.ma\/ar\/wp-json\/wp\/v2\/pages\/6819\/revisions"}],"predecessor-version":[{"id":7370,"href":"https:\/\/bekween.ma\/ar\/wp-json\/wp\/v2\/pages\/6819\/revisions\/7370"}],"wp:attachment":[{"href":"https:\/\/bekween.ma\/ar\/wp-json\/wp\/v2\/media?parent=6819"}],"curies":[{"name":"wp","href":"https:\/\/api.w.org\/{rel}","templated":true}]}}