{"id":3,"date":"2021-04-29T19:05:06","date_gmt":"2021-04-29T17:05:06","guid":{"rendered":"https:\/\/bekween.ma\/?page_id=3"},"modified":"2021-05-26T12:27:16","modified_gmt":"2021-05-26T10:27:16","slug":"politique-de-confidentialite","status":"publish","type":"page","link":"https:\/\/bekween.ma\/ar\/politique-de-confidentialite\/","title":{"rendered":"Politique de confidentialit\u00e9"},"content":{"rendered":"<p>Toutes informations recueillies sur le site www.BeKween.ma se font dans le cadre des besoins li\u00e9s \u00e0 l\u2019utilisation de notre plateforme, tels que le formulaire de commande, de contact ou la demande d\u2019inscription.<\/p><p>La soci\u00e9t\u00e9 AKINEGO SARL \u00e0 travers sa marque BeKween s\u2019engage \u00e0 ne c\u00e9der en aucun cas les informations concernant les utilisateurs du site Internet www.BeKween.ma, de quelque fa\u00e7on qu\u2019il soit (vente, \u00e9change, pr\u00eat, location, don).<\/p><p>BeKween collecte les donn\u00e9es personnelles de chaque client au moment de son inscription, ceci dans un but strictement commercial, marketing et statistique, ce que le client accepte express\u00e9ment et sans r\u00e9serve. BeKween est susceptible de croiser ces donn\u00e9es avec des fichiers collect\u00e9s par ses soins dans le cadre de ses activit\u00e9s internet.<\/p>","protected":false},"excerpt":{"rendered":"<p>Toutes informations recueillies sur le site www.BeKween.ma se font dans le cadre des besoins li\u00e9s \u00e0 l\u2019utilisation de notre plateforme, tels que le formulaire de commande, de contact ou la demande d\u2019inscription. La soci\u00e9t\u00e9 AKINEGO SARL \u00e0 travers sa marque BeKween s\u2019engage \u00e0 ne c\u00e9der en aucun cas les informations concernant les utilisateurs du site [&hellip;]<\/p>","protected":false},"author":1,"featured_media":0,"parent":0,"menu_order":0,"comment_status":"closed","ping_status":"closed","template":"template-fullwidth.php","meta":{"footnotes":""},"class_list":["post-3","page","type-page","status-publish","hentry"],"_links":{"self":[{"href":"https:\/\/bekween.ma\/ar\/wp-json\/wp\/v2\/pages\/3","targetHints":{"allow":["GET"]}}],"collection":[{"href":"https:\/\/bekween.ma\/ar\/wp-json\/wp\/v2\/pages"}],"about":[{"href":"https:\/\/bekween.ma\/ar\/wp-json\/wp\/v2\/types\/page"}],"author":[{"embeddable":true,"href":"https:\/\/bekween.ma\/ar\/wp-json\/wp\/v2\/users\/1"}],"replies":[{"embeddable":true,"href":"https:\/\/bekween.ma\/ar\/wp-json\/wp\/v2\/comments?post=3"}],"version-history":[{"count":2,"href":"https:\/\/bekween.ma\/ar\/wp-json\/wp\/v2\/pages\/3\/revisions"}],"predecessor-version":[{"id":6973,"href":"https:\/\/bekween.ma\/ar\/wp-json\/wp\/v2\/pages\/3\/revisions\/6973"}],"wp:attachment":[{"href":"https:\/\/bekween.ma\/ar\/wp-json\/wp\/v2\/media?parent=3"}],"curies":[{"name":"wp","href":"https:\/\/api.w.org\/{rel}","templated":true}]}}