{"id":1004,"date":"2020-10-09T13:39:05","date_gmt":"2020-10-09T11:39:05","guid":{"rendered":"http:\/\/shoptimizer.local\/?page_id=848"},"modified":"2021-05-27T00:21:17","modified_gmt":"2021-05-26T22:21:17","slug":"about","status":"publish","type":"page","link":"https:\/\/bekween.ma\/ar\/about\/","title":{"rendered":"\u0646\u0628\u062f\u0629 \u0639\u0646\u0627!"},"content":{"rendered":"<div data-elementor-type=\"wp-post\" data-elementor-id=\"1004\" class=\"elementor elementor-1004\">\n\t\t\t\t\t\t<section class=\"elementor-section elementor-top-section elementor-element elementor-element-983905d elementor-section-boxed elementor-section-height-default elementor-section-height-default\" data-id=\"983905d\" data-element_type=\"section\">\n\t\t\t\t\t\t<div class=\"elementor-container elementor-column-gap-wider\">\n\t\t\t\t\t<div class=\"elementor-column elementor-col-50 elementor-top-column elementor-element elementor-element-7310116 elementor-invisible\" data-id=\"7310116\" data-element_type=\"column\" data-settings=\"{&quot;animation&quot;:&quot;fadeIn&quot;}\">\n\t\t\t<div class=\"elementor-widget-wrap elementor-element-populated\">\n\t\t\t\t\t\t<div class=\"elementor-element elementor-element-5867941f elementor-widget elementor-widget-heading\" data-id=\"5867941f\" data-element_type=\"widget\" data-widget_type=\"heading.default\">\n\t\t\t\t<div class=\"elementor-widget-container\">\n\t\t\t\t\t<h6 class=\"elementor-heading-title elementor-size-default\">\u00c0 la recherche d'alternative !<\/h6>\t\t\t\t<\/div>\n\t\t\t\t<\/div>\n\t\t\t\t<div class=\"elementor-element elementor-element-3d3af9e7 title-left elementor-widget elementor-widget-heading\" data-id=\"3d3af9e7\" data-element_type=\"widget\" data-widget_type=\"heading.default\">\n\t\t\t\t<div class=\"elementor-widget-container\">\n\t\t\t\t\t<h2 class=\"elementor-heading-title elementor-size-default\">D\u00e9but de  l'histoire de BeKween!<\/h2>\t\t\t\t<\/div>\n\t\t\t\t<\/div>\n\t\t\t\t<div class=\"elementor-element elementor-element-e710402 elementor-widget elementor-widget-text-editor\" data-id=\"e710402\" data-element_type=\"widget\" data-widget_type=\"text-editor.default\">\n\t\t\t\t<div class=\"elementor-widget-container\">\n\t\t\t\t\t\t\t\t\t<hr \/><p style=\"text-align: left;\">Notre soci\u00e9t\u00e9 s\u2019est cr\u00e9\u00e9e en souhaitant apporter une r\u00e9ponse \u00e9coresponsable\u00a0 et \u00e9conomique aux probl\u00e8mes d\u2019hygi\u00e8ne f\u00e9minine. Partant du constat que les actuelles solutions propos\u00e9es aux femmes actives \u00e9taient incompatibles avec leurs valeurs environnementales et leurs contraintes \u00e9conomiques, nous avons donc mis au point des produits enti\u00e8rement r\u00e9utilisables \u00e0 base de produits d\u2019origine v\u00e9g\u00e9tale.<\/p>\t\t\t\t\t\t\t\t<\/div>\n\t\t\t\t<\/div>\n\t\t\t\t\t<\/div>\n\t\t<\/div>\n\t\t\t\t<div class=\"elementor-column elementor-col-50 elementor-top-column elementor-element elementor-element-34c609e elementor-invisible\" data-id=\"34c609e\" data-element_type=\"column\" data-settings=\"{&quot;animation&quot;:&quot;fadeIn&quot;,&quot;animation_delay&quot;:200}\">\n\t\t\t<div class=\"elementor-widget-wrap elementor-element-populated\">\n\t\t\t\t\t\t<div class=\"elementor-element elementor-element-c04a566 animated-fast elementor-invisible elementor-widget elementor-widget-image\" data-id=\"c04a566\" data-element_type=\"widget\" data-settings=\"{&quot;_animation&quot;:&quot;fadeIn&quot;}\" data-widget_type=\"image.default\">\n\t\t\t\t<div class=\"elementor-widget-container\">\n\t\t\t\t\t\t\t\t\t\t\t\t\t\t\t<img fetchpriority=\"high\" decoding=\"async\" width=\"1024\" height=\"512\" src=\"https:\/\/bekween.ma\/wp-content\/uploads\/2021\/05\/Conception-1024x512.jpg\" class=\"attachment-large size-large wp-image-7382\" alt=\"conception-culotte-hygi\u00e9nique\" srcset=\"https:\/\/bekween.ma\/wp-content\/uploads\/2021\/05\/Conception-1024x512.jpg 1024w, https:\/\/bekween.ma\/wp-content\/uploads\/2021\/05\/Conception-300x150.jpg 300w, https:\/\/bekween.ma\/wp-content\/uploads\/2021\/05\/Conception-768x384.jpg 768w, https:\/\/bekween.ma\/wp-content\/uploads\/2021\/05\/Conception-1536x768.jpg 1536w, https:\/\/bekween.ma\/wp-content\/uploads\/2021\/05\/Conception-e1622064366603.jpg 800w, https:\/\/bekween.ma\/wp-content\/uploads\/2021\/05\/Conception-150x75.jpg 150w\" sizes=\"(max-width: 360px) 147px, (max-width: 1024px) 100vw, 1024px\" title=\"\">\t\t\t\t\t\t\t\t\t\t\t\t\t\t\t<\/div>\n\t\t\t\t<\/div>\n\t\t\t\t\t<\/div>\n\t\t<\/div>\n\t\t\t\t\t<\/div>\n\t\t<\/section>\n\t\t\t\t<section class=\"elementor-section elementor-top-section elementor-element elementor-element-bb36c6f elementor-section-boxed elementor-section-height-default elementor-section-height-default\" data-id=\"bb36c6f\" data-element_type=\"section\">\n\t\t\t\t\t\t<div class=\"elementor-container elementor-column-gap-wider\">\n\t\t\t\t\t<div class=\"elementor-column elementor-col-50 elementor-top-column elementor-element elementor-element-2880450 elementor-invisible\" data-id=\"2880450\" data-element_type=\"column\" data-settings=\"{&quot;animation&quot;:&quot;fadeIn&quot;}\">\n\t\t\t<div class=\"elementor-widget-wrap elementor-element-populated\">\n\t\t\t\t\t\t<div class=\"elementor-element elementor-element-db9c3d4 animated-fast elementor-invisible elementor-widget elementor-widget-image\" data-id=\"db9c3d4\" data-element_type=\"widget\" data-settings=\"{&quot;_animation&quot;:&quot;fadeIn&quot;}\" data-widget_type=\"image.default\">\n\t\t\t\t<div class=\"elementor-widget-container\">\n\t\t\t\t\t\t\t\t\t\t\t\t\t\t\t<img decoding=\"async\" width=\"301\" height=\"167\" src=\"https:\/\/bekween.ma\/wp-content\/uploads\/2021\/05\/oeko_standard_100.png\" class=\"attachment-large size-large wp-image-6830\" alt=\"Oeko-standard\" srcset=\"https:\/\/bekween.ma\/wp-content\/uploads\/2021\/05\/oeko_standard_100.png 301w, https:\/\/bekween.ma\/wp-content\/uploads\/2021\/05\/oeko_standard_100-150x83.png 150w\" sizes=\"(max-width: 360px) 147px, (max-width: 301px) 100vw, 301px\" title=\"\">\t\t\t\t\t\t\t\t\t\t\t\t\t\t\t<\/div>\n\t\t\t\t<\/div>\n\t\t\t\t\t<\/div>\n\t\t<\/div>\n\t\t\t\t<div class=\"elementor-column elementor-col-50 elementor-top-column elementor-element elementor-element-7899afa elementor-invisible\" data-id=\"7899afa\" data-element_type=\"column\" data-settings=\"{&quot;animation&quot;:&quot;fadeIn&quot;,&quot;animation_delay&quot;:200}\">\n\t\t\t<div class=\"elementor-widget-wrap elementor-element-populated\">\n\t\t\t\t\t\t<div class=\"elementor-element elementor-element-247d076 elementor-widget elementor-widget-heading\" data-id=\"247d076\" data-element_type=\"widget\" data-widget_type=\"heading.default\">\n\t\t\t\t<div class=\"elementor-widget-container\">\n\t\t\t\t\t<h6 class=\"elementor-heading-title elementor-size-default\">Exigence dans le choix de nos mati\u00e8res premi\u00e8res<\/h6>\t\t\t\t<\/div>\n\t\t\t\t<\/div>\n\t\t\t\t<div class=\"elementor-element elementor-element-af7dfd6 title-right elementor-widget elementor-widget-heading\" data-id=\"af7dfd6\" data-element_type=\"widget\" data-widget_type=\"heading.default\">\n\t\t\t\t<div class=\"elementor-widget-container\">\n\t\t\t\t\t<h2 class=\"elementor-heading-title elementor-size-default\">0 Produits nocifs !<\/h2>\t\t\t\t<\/div>\n\t\t\t\t<\/div>\n\t\t\t\t<div class=\"elementor-element elementor-element-04da751 elementor-widget elementor-widget-text-editor\" data-id=\"04da751\" data-element_type=\"widget\" data-widget_type=\"text-editor.default\">\n\t\t\t\t<div class=\"elementor-widget-container\">\n\t\t\t\t\t\t\t\t\t<p>Nous avons donc mis au point une gamme de lingerie \u00e0 base de tissus labellis\u00e9s OEKO TEX Standard 100\u00ae. Ce label, gr\u00e2ce \u00e0 une centaine de tests effectu\u00e9s \u00e0 toutes les \u00e9tapes de la production, garantit aux utilisatrices l\u2019absence totale de produit nocif pour un usage quotidien sans aucun risque pour la sant\u00e9.<\/p>\t\t\t\t\t\t\t\t<\/div>\n\t\t\t\t<\/div>\n\t\t\t\t\t<\/div>\n\t\t<\/div>\n\t\t\t\t\t<\/div>\n\t\t<\/section>\n\t\t\t\t<section class=\"elementor-section elementor-top-section elementor-element elementor-element-338b57d elementor-section-boxed elementor-section-height-default elementor-section-height-default\" data-id=\"338b57d\" data-element_type=\"section\">\n\t\t\t\t\t\t<div class=\"elementor-container elementor-column-gap-wider\">\n\t\t\t\t\t<div class=\"elementor-column elementor-col-50 elementor-top-column elementor-element elementor-element-e30bac7 elementor-invisible\" data-id=\"e30bac7\" data-element_type=\"column\" data-settings=\"{&quot;animation&quot;:&quot;fadeIn&quot;}\">\n\t\t\t<div class=\"elementor-widget-wrap elementor-element-populated\">\n\t\t\t\t\t\t<div class=\"elementor-element elementor-element-b8a7ac1 elementor-widget elementor-widget-heading\" data-id=\"b8a7ac1\" data-element_type=\"widget\" data-widget_type=\"heading.default\">\n\t\t\t\t<div class=\"elementor-widget-container\">\n\t\t\t\t\t<h6 class=\"elementor-heading-title elementor-size-default\">Votre bien \u00eatre est notre priorit\u00e9 <\/h6>\t\t\t\t<\/div>\n\t\t\t\t<\/div>\n\t\t\t\t<div class=\"elementor-element elementor-element-f97861c title-left elementor-widget elementor-widget-heading\" data-id=\"f97861c\" data-element_type=\"widget\" data-widget_type=\"heading.default\">\n\t\t\t\t<div class=\"elementor-widget-container\">\n\t\t\t\t\t<h2 class=\"elementor-heading-title elementor-size-default\">Confort et assurance !<\/h2>\t\t\t\t<\/div>\n\t\t\t\t<\/div>\n\t\t\t\t<div class=\"elementor-element elementor-element-740daea elementor-widget elementor-widget-text-editor\" data-id=\"740daea\" data-element_type=\"widget\" data-widget_type=\"text-editor.default\">\n\t\t\t\t<div class=\"elementor-widget-container\">\n\t\t\t\t\t\t\t\t\t<p style=\"text-align: left;\">Nos protections hygi\u00e9niques r\u00e9utilisables sont donc con\u00e7ues pour apporter une totale s\u00e9curit\u00e9 au travail, ou \u00e0 domicile. Nous avons con\u00e7us des techniques assurant une absorption optimum et antibact\u00e9rienne sans d\u00e9formation de la culotte gr\u00e2ce \u00e0 l\u2019action naturelle du bambou. Le tissu en contact avec la peau reste exempt d\u2019humidit\u00e9, ce qui apporte un confort suppl\u00e9mentaire sans risque de l\u00e9sion par frottement. Le textile est absolument imperm\u00e9able, il n\u2019y aucun risque de t\u00e2cher les v\u00eatements.<\/p>\t\t\t\t\t\t\t\t<\/div>\n\t\t\t\t<\/div>\n\t\t\t\t\t<\/div>\n\t\t<\/div>\n\t\t\t\t<div class=\"elementor-column elementor-col-50 elementor-top-column elementor-element elementor-element-4938926 elementor-invisible\" data-id=\"4938926\" data-element_type=\"column\" data-settings=\"{&quot;animation&quot;:&quot;fadeIn&quot;,&quot;animation_delay&quot;:200}\">\n\t\t\t<div class=\"elementor-widget-wrap elementor-element-populated\">\n\t\t\t\t\t\t<div class=\"elementor-element elementor-element-af85d13 animated-fast elementor-invisible elementor-widget elementor-widget-image\" data-id=\"af85d13\" data-element_type=\"widget\" data-settings=\"{&quot;_animation&quot;:&quot;fadeIn&quot;}\" data-widget_type=\"image.default\">\n\t\t\t\t<div class=\"elementor-widget-container\">\n\t\t\t\t\t\t\t\t\t\t\t\t\t\t\t<img decoding=\"async\" width=\"300\" height=\"300\" src=\"https:\/\/bekween.ma\/wp-content\/uploads\/2021\/05\/Culotte-menstruelle-verte-15-300x300.jpg\" class=\"attachment-woocommerce_thumbnail size-woocommerce_thumbnail wp-image-6999\" alt=\"culotte-menstruelle-verte\" srcset=\"https:\/\/bekween.ma\/wp-content\/uploads\/2021\/05\/Culotte-menstruelle-verte-15-300x300.jpg 300w, https:\/\/bekween.ma\/wp-content\/uploads\/2021\/05\/Culotte-menstruelle-verte-15-150x150.jpg 150w, https:\/\/bekween.ma\/wp-content\/uploads\/2021\/05\/Culotte-menstruelle-verte-15-768x768.jpg 768w, https:\/\/bekween.ma\/wp-content\/uploads\/2021\/05\/Culotte-menstruelle-verte-15.jpg 800w\" sizes=\"(max-width: 360px) 147px, (max-width: 300px) 100vw, 300px\" title=\"\">\t\t\t\t\t\t\t\t\t\t\t\t\t\t\t<\/div>\n\t\t\t\t<\/div>\n\t\t\t\t\t<\/div>\n\t\t<\/div>\n\t\t\t\t\t<\/div>\n\t\t<\/section>\n\t\t\t\t<section class=\"elementor-section elementor-top-section elementor-element elementor-element-2113229 elementor-section-boxed elementor-section-height-default elementor-section-height-default\" data-id=\"2113229\" data-element_type=\"section\">\n\t\t\t\t\t\t<div class=\"elementor-container elementor-column-gap-wider\">\n\t\t\t\t\t<div class=\"elementor-column elementor-col-50 elementor-top-column elementor-element elementor-element-ad4d85b elementor-invisible\" data-id=\"ad4d85b\" data-element_type=\"column\" data-settings=\"{&quot;animation&quot;:&quot;fadeIn&quot;}\">\n\t\t\t<div class=\"elementor-widget-wrap elementor-element-populated\">\n\t\t\t\t\t\t<div class=\"elementor-element elementor-element-c969ca8 animated-fast elementor-invisible elementor-widget elementor-widget-image\" data-id=\"c969ca8\" data-element_type=\"widget\" data-settings=\"{&quot;_animation&quot;:&quot;fadeIn&quot;}\" data-widget_type=\"image.default\">\n\t\t\t\t<div class=\"elementor-widget-container\">\n\t\t\t\t\t\t\t\t\t\t\t\t\t\t\t<img loading=\"lazy\" decoding=\"async\" width=\"800\" height=\"800\" src=\"https:\/\/bekween.ma\/wp-content\/uploads\/2021\/05\/Culotte-menstruelle-verte13.jpg\" class=\"attachment-large size-large wp-image-6993\" alt=\"\" srcset=\"https:\/\/bekween.ma\/wp-content\/uploads\/2021\/05\/Culotte-menstruelle-verte13.jpg 800w, https:\/\/bekween.ma\/wp-content\/uploads\/2021\/05\/Culotte-menstruelle-verte13-300x300.jpg 300w, https:\/\/bekween.ma\/wp-content\/uploads\/2021\/05\/Culotte-menstruelle-verte13-150x150.jpg 150w, https:\/\/bekween.ma\/wp-content\/uploads\/2021\/05\/Culotte-menstruelle-verte13-768x768.jpg 768w\" sizes=\"(max-width: 360px) 147px, (max-width: 800px) 100vw, 800px\" title=\"\">\t\t\t\t\t\t\t\t\t\t\t\t\t\t\t<\/div>\n\t\t\t\t<\/div>\n\t\t\t\t\t<\/div>\n\t\t<\/div>\n\t\t\t\t<div class=\"elementor-column elementor-col-50 elementor-top-column elementor-element elementor-element-98914ff elementor-invisible\" data-id=\"98914ff\" data-element_type=\"column\" data-settings=\"{&quot;animation&quot;:&quot;fadeIn&quot;,&quot;animation_delay&quot;:200}\">\n\t\t\t<div class=\"elementor-widget-wrap elementor-element-populated\">\n\t\t\t\t\t\t<div class=\"elementor-element elementor-element-f5e7374 elementor-widget elementor-widget-heading\" data-id=\"f5e7374\" data-element_type=\"widget\" data-widget_type=\"heading.default\">\n\t\t\t\t<div class=\"elementor-widget-container\">\n\t\t\t\t\t<h6 class=\"elementor-heading-title elementor-size-default\">Penser \u00e0 votre portefeuille<\/h6>\t\t\t\t<\/div>\n\t\t\t\t<\/div>\n\t\t\t\t<div class=\"elementor-element elementor-element-e79c0d1 title-right elementor-widget elementor-widget-heading\" data-id=\"e79c0d1\" data-element_type=\"widget\" data-widget_type=\"heading.default\">\n\t\t\t\t<div class=\"elementor-widget-container\">\n\t\t\t\t\t<h2 class=\"elementor-heading-title elementor-size-default\">\u00c9conomies !<\/h2>\t\t\t\t<\/div>\n\t\t\t\t<\/div>\n\t\t\t\t<div class=\"elementor-element elementor-element-bc843d5 elementor-widget elementor-widget-text-editor\" data-id=\"bc843d5\" data-element_type=\"widget\" data-widget_type=\"text-editor.default\">\n\t\t\t\t<div class=\"elementor-widget-container\">\n\t\t\t\t\t\t\t\t\t<p>Il nous fallait aussi une solution \u00e9conomiquement valable pour nos clientes soucieuses de la bonne gestion de leur budget. C\u2019est pourquoi nous avons \u00e9labor\u00e9 un produit r\u00e9utilisable au moins deux ans. Lavable en machine \u00e0 30\u00b0 ou \u00e0 la main, nos slips s\u00e8chent \u00e0 l\u2019air libre.<\/p>\t\t\t\t\t\t\t\t<\/div>\n\t\t\t\t<\/div>\n\t\t\t\t\t<\/div>\n\t\t<\/div>\n\t\t\t\t\t<\/div>\n\t\t<\/section>\n\t\t\t\t<section class=\"elementor-section elementor-top-section elementor-element elementor-element-ee9768b elementor-section-boxed elementor-section-height-default elementor-section-height-default\" data-id=\"ee9768b\" data-element_type=\"section\">\n\t\t\t\t\t\t<div class=\"elementor-container elementor-column-gap-default\">\n\t\t\t\t\t<div class=\"elementor-column elementor-col-100 elementor-top-column elementor-element elementor-element-0280b84\" data-id=\"0280b84\" data-element_type=\"column\">\n\t\t\t<div class=\"elementor-widget-wrap elementor-element-populated\">\n\t\t\t\t\t\t<div class=\"elementor-element elementor-element-9556b2f elementor-widget elementor-widget-text-editor\" data-id=\"9556b2f\" data-element_type=\"widget\" data-widget_type=\"text-editor.default\">\n\t\t\t\t<div class=\"elementor-widget-container\">\n\t\t\t\t\t\t\t\t\t<h3 style=\"text-align: center;\"><strong>BeKween est votre alli\u00e9e !<\/strong><\/h3><p>Et parce que chaque femme est unique, nous avons pens\u00e9 \u00e0 chacune d\u2019entre elles. Qu\u2019elles aient de simples pertes ou des flux abondants, qu\u2019elles soient menues ou rondes, chacune pourra trouver ce dont elle a besoin parmi notre large gamme de sous-v\u00eatements.<\/p><p>Bekween est une soci\u00e9t\u00e9 engag\u00e9e dans la pr\u00e9servation de l\u2019environnement et mets ses comp\u00e9tences au service de toutes les femmes souhaitant concilier leur f\u00e9minit\u00e9 avec une vie \u00e0 la hauteur de leurs esp\u00e9rances.<\/p>\t\t\t\t\t\t\t\t<\/div>\n\t\t\t\t<\/div>\n\t\t\t\t\t<\/div>\n\t\t<\/div>\n\t\t\t\t\t<\/div>\n\t\t<\/section>\n\t\t\t\t<section class=\"elementor-section elementor-top-section elementor-element elementor-element-8d18835 elementor-section-stretched elementor-section-boxed elementor-section-height-default elementor-section-height-default\" data-id=\"8d18835\" data-element_type=\"section\" data-settings=\"{&quot;stretch_section&quot;:&quot;section-stretched&quot;,&quot;background_background&quot;:&quot;classic&quot;}\">\n\t\t\t\t\t\t\t<div class=\"elementor-background-overlay\"><\/div>\n\t\t\t\t\t\t\t<div class=\"elementor-container elementor-column-gap-wide\">\n\t\t\t\t\t<div class=\"elementor-column elementor-col-50 elementor-top-column elementor-element elementor-element-de56df4\" data-id=\"de56df4\" data-element_type=\"column\">\n\t\t\t<div class=\"elementor-widget-wrap elementor-element-populated\">\n\t\t\t\t\t\t<div class=\"elementor-element elementor-element-92e1cf0 animated-fast elementor-invisible elementor-widget elementor-widget-testimonial\" data-id=\"92e1cf0\" data-element_type=\"widget\" data-settings=\"{&quot;_animation&quot;:&quot;fadeIn&quot;}\" data-widget_type=\"testimonial.default\">\n\t\t\t\t<div class=\"elementor-widget-container\">\n\t\t\t\t\t\t\t<div class=\"elementor-testimonial-wrapper\">\n\t\t\t\t\t\t\t<div class=\"elementor-testimonial-content\">\" Rien \u00e0 dire, les culottes de BeKween ont chang\u00e9 ma vie . Merci  \"<\/div>\n\t\t\t\n\t\t\t\t\t\t<div class=\"elementor-testimonial-meta\">\n\t\t\t\t<div class=\"elementor-testimonial-meta-inner\">\n\t\t\t\t\t\n\t\t\t\t\t\t\t\t\t\t<div class=\"elementor-testimonial-details\">\n\t\t\t\t\t\t\t\t\t\t\t\t\t\t<div class=\"elementor-testimonial-name\">Sara. A<\/div>\n\t\t\t\t\t\t\t\t\t\t\t\t\t\t\t\t\t\t\t\t\t\t<div class=\"elementor-testimonial-job\">Casablanca<\/div>\n\t\t\t\t\t\t\t\t\t\t\t\t\t<\/div>\n\t\t\t\t\t\t\t\t\t<\/div>\n\t\t\t<\/div>\n\t\t\t\t\t<\/div>\n\t\t\t\t\t\t<\/div>\n\t\t\t\t<\/div>\n\t\t\t\t\t<\/div>\n\t\t<\/div>\n\t\t\t\t<div class=\"elementor-column elementor-col-50 elementor-top-column elementor-element elementor-element-fd35242\" data-id=\"fd35242\" data-element_type=\"column\">\n\t\t\t<div class=\"elementor-widget-wrap elementor-element-populated\">\n\t\t\t\t\t\t<div class=\"elementor-element elementor-element-5c4e41d animated-fast elementor-invisible elementor-widget elementor-widget-testimonial\" data-id=\"5c4e41d\" data-element_type=\"widget\" data-settings=\"{&quot;_animation&quot;:&quot;fadeIn&quot;,&quot;_animation_delay&quot;:200}\" data-widget_type=\"testimonial.default\">\n\t\t\t\t<div class=\"elementor-widget-container\">\n\t\t\t\t\t\t\t<div class=\"elementor-testimonial-wrapper\">\n\t\t\t\t\t\t\t<div class=\"elementor-testimonial-content\">\" Depuis que j'ai d\u00e9couvert ces slips hygi\u00e9nique, je ne peux plus m'en d\u00e9passer. Tbarkelah 3likom ! \"<\/div>\n\t\t\t\n\t\t\t\t\t\t<div class=\"elementor-testimonial-meta\">\n\t\t\t\t<div class=\"elementor-testimonial-meta-inner\">\n\t\t\t\t\t\n\t\t\t\t\t\t\t\t\t\t<div class=\"elementor-testimonial-details\">\n\t\t\t\t\t\t\t\t\t\t\t\t\t\t<div class=\"elementor-testimonial-name\">Ghita L.<\/div>\n\t\t\t\t\t\t\t\t\t\t\t\t\t\t\t\t\t\t\t\t\t\t<div class=\"elementor-testimonial-job\">Tanger<\/div>\n\t\t\t\t\t\t\t\t\t\t\t\t\t<\/div>\n\t\t\t\t\t\t\t\t\t<\/div>\n\t\t\t<\/div>\n\t\t\t\t\t<\/div>\n\t\t\t\t\t\t<\/div>\n\t\t\t\t<\/div>\n\t\t\t\t\t<\/div>\n\t\t<\/div>\n\t\t\t\t\t<\/div>\n\t\t<\/section>\n\t\t\t\t<\/div>","protected":false},"excerpt":{"rendered":"<p>\u00c0 la recherche d&rsquo;alternative ! D\u00e9but de l&rsquo;histoire de BeKween! Notre soci\u00e9t\u00e9 s\u2019est cr\u00e9\u00e9e en souhaitant apporter une r\u00e9ponse \u00e9coresponsable\u00a0 et \u00e9conomique aux probl\u00e8mes d\u2019hygi\u00e8ne f\u00e9minine. Partant du constat que les actuelles solutions propos\u00e9es aux femmes actives \u00e9taient incompatibles avec leurs valeurs environnementales et leurs contraintes \u00e9conomiques, nous avons donc mis au point des produits [&hellip;]<\/p>","protected":false},"author":1,"featured_media":0,"parent":0,"menu_order":0,"comment_status":"closed","ping_status":"closed","template":"template-fullwidth-no-heading.php","meta":{"footnotes":""},"class_list":["post-1004","page","type-page","status-publish","hentry"],"_links":{"self":[{"href":"https:\/\/bekween.ma\/ar\/wp-json\/wp\/v2\/pages\/1004","targetHints":{"allow":["GET"]}}],"collection":[{"href":"https:\/\/bekween.ma\/ar\/wp-json\/wp\/v2\/pages"}],"about":[{"href":"https:\/\/bekween.ma\/ar\/wp-json\/wp\/v2\/types\/page"}],"author":[{"embeddable":true,"href":"https:\/\/bekween.ma\/ar\/wp-json\/wp\/v2\/users\/1"}],"replies":[{"embeddable":true,"href":"https:\/\/bekween.ma\/ar\/wp-json\/wp\/v2\/comments?post=1004"}],"version-history":[{"count":9,"href":"https:\/\/bekween.ma\/ar\/wp-json\/wp\/v2\/pages\/1004\/revisions"}],"predecessor-version":[{"id":7396,"href":"https:\/\/bekween.ma\/ar\/wp-json\/wp\/v2\/pages\/1004\/revisions\/7396"}],"wp:attachment":[{"href":"https:\/\/bekween.ma\/ar\/wp-json\/wp\/v2\/media?parent=1004"}],"curies":[{"name":"wp","href":"https:\/\/api.w.org\/{rel}","templated":true}]}}